{"id":35,"date":"2025-07-16T19:01:55","date_gmt":"2025-07-16T22:01:55","guid":{"rendered":"https:\/\/projetos.h3web.com.br\/rmc-em-fatos\/?page_id=35"},"modified":"2025-07-17T17:06:49","modified_gmt":"2025-07-17T20:06:49","slug":"termos-de-uso","status":"publish","type":"page","link":"https:\/\/design.projetoshr.com.br\/rmc-em-fatos\/termos-de-uso\/","title":{"rendered":"Termos de Uso"},"content":{"rendered":"\t\t<div data-elementor-type=\"wp-page\" data-elementor-id=\"35\" class=\"elementor elementor-35\" data-elementor-post-type=\"page\">\n\t\t\t\t<div class=\"elementor-element elementor-element-335be10 e-flex e-con-boxed e-con e-parent\" data-id=\"335be10\" data-element_type=\"container\" data-e-type=\"container\" data-settings=\"{&quot;background_background&quot;:&quot;classic&quot;}\">\n\t\t\t\t\t<div class=\"e-con-inner\">\n\t\t\t\t<div class=\"elementor-element elementor-element-d5b187b elementor-widget elementor-widget-heading\" data-id=\"d5b187b\" data-element_type=\"widget\" data-e-type=\"widget\" data-widget_type=\"heading.default\">\n\t\t\t\t\t<h1 class=\"elementor-heading-title elementor-size-default\">Termos de Uso<\/h1>\t\t\t\t<\/div>\n\t\t\t\t\t<\/div>\n\t\t\t\t<\/div>\n\t\t<div class=\"elementor-element elementor-element-4c7c08d e-flex e-con-boxed e-con e-parent\" data-id=\"4c7c08d\" data-element_type=\"container\" data-e-type=\"container\">\n\t\t\t\t\t<div class=\"e-con-inner\">\n\t\t\t\t<div class=\"elementor-element elementor-element-25f82f3 elementor-drop-cap-yes elementor-drop-cap-view-default elementor-widget elementor-widget-text-editor\" data-id=\"25f82f3\" data-element_type=\"widget\" data-e-type=\"widget\" data-settings=\"{&quot;drop_cap&quot;:&quot;yes&quot;}\" data-widget_type=\"text-editor.default\">\n\t\t\t\t\t\t\t\t\t<p><strong>\u00daltima atualiza\u00e7\u00e3o: 15 de julho de 2025<\/strong><\/p><h3>1. Aceita\u00e7\u00e3o dos Termos<\/h3><p>Ao acessar e usar o <strong>RCM em Fatos<\/strong>, voc\u00ea concorda em cumprir estes termos e todas as leis e regulamentos aplic\u00e1veis. Se voc\u00ea n\u00e3o concorda com algum dos termos, est\u00e1 proibido de usar ou acessar este site.<\/p><h3>2. Direitos Autorais<\/h3><p>O conte\u00fado publicado no <strong>RCM em Fatos<\/strong> possui direitos autorais protegidos pela legisla\u00e7\u00e3o de propriedade intelectual. \u00c9 proibida a reprodu\u00e7\u00e3o ou redistribui\u00e7\u00e3o de partes ou de todo o conte\u00fado sem autoriza\u00e7\u00e3o expressa do titular dos direitos autorais.<\/p><h3>3. Limita\u00e7\u00f5es<\/h3><p>Em nenhum caso o <strong>RCM em Fatos<\/strong> ou seus representantes ser\u00e3o respons\u00e1veis por quaisquer danos (incluindo, sem limita\u00e7\u00e3o, danos por perda de dados ou lucro, ou devido a interrup\u00e7\u00e3o dos neg\u00f3cios) decorrentes do uso ou da incapacidade de usar os materiais no <strong>RCM em Fatos<\/strong>.<\/p><h3>4. Modifica\u00e7\u00f5es nos Termos de Uso<\/h3><p>Podemos revisar os termos de uso do blog a qualquer momento, sem aviso pr\u00e9vio. Ao usar este site, voc\u00ea concorda em ficar vinculado \u00e0 vers\u00e3o atual dos termos de uso.<\/p><h3>5. Lei Aplic\u00e1vel<\/h3><p>Qualquer reclama\u00e7\u00e3o relacionada ao <strong>RCM em Fatos<\/strong> ser\u00e1 regida pelas leis do local de sua funda\u00e7\u00e3o, sem considera\u00e7\u00e3o a conflitos de disposi\u00e7\u00f5es legais.<\/p>\t\t\t\t\t\t\t\t<\/div>\n\t\t\t\t\t<\/div>\n\t\t\t\t<\/div>\n\t\t\t\t<\/div>\n\t\t","protected":false},"excerpt":{"rendered":"<p>Termos de Uso \u00daltima atualiza\u00e7\u00e3o: 15 de julho de 2025 1. Aceita\u00e7\u00e3o dos Termos Ao acessar e usar o RCM em Fatos, voc\u00ea concorda em cumprir estes termos e todas as leis e regulamentos aplic\u00e1veis. Se voc\u00ea n\u00e3o concorda com algum dos termos, est\u00e1 proibido de usar ou acessar este site. 2. Direitos Autorais O [&hellip;]<\/p>\n","protected":false},"author":1,"featured_media":0,"parent":0,"menu_order":0,"comment_status":"closed","ping_status":"closed","template":"elementor_header_footer","meta":{"footnotes":""},"class_list":["post-35","page","type-page","status-publish","hentry"],"_links":{"self":[{"href":"https:\/\/design.projetoshr.com.br\/rmc-em-fatos\/wp-json\/wp\/v2\/pages\/35","targetHints":{"allow":["GET"]}}],"collection":[{"href":"https:\/\/design.projetoshr.com.br\/rmc-em-fatos\/wp-json\/wp\/v2\/pages"}],"about":[{"href":"https:\/\/design.projetoshr.com.br\/rmc-em-fatos\/wp-json\/wp\/v2\/types\/page"}],"author":[{"embeddable":true,"href":"https:\/\/design.projetoshr.com.br\/rmc-em-fatos\/wp-json\/wp\/v2\/users\/1"}],"replies":[{"embeddable":true,"href":"https:\/\/design.projetoshr.com.br\/rmc-em-fatos\/wp-json\/wp\/v2\/comments?post=35"}],"version-history":[{"count":7,"href":"https:\/\/design.projetoshr.com.br\/rmc-em-fatos\/wp-json\/wp\/v2\/pages\/35\/revisions"}],"predecessor-version":[{"id":495,"href":"https:\/\/design.projetoshr.com.br\/rmc-em-fatos\/wp-json\/wp\/v2\/pages\/35\/revisions\/495"}],"wp:attachment":[{"href":"https:\/\/design.projetoshr.com.br\/rmc-em-fatos\/wp-json\/wp\/v2\/media?parent=35"}],"curies":[{"name":"wp","href":"https:\/\/api.w.org\/{rel}","templated":true}]}}