{"id":33,"date":"2025-07-16T19:01:32","date_gmt":"2025-07-16T22:01:32","guid":{"rendered":"https:\/\/projetos.h3web.com.br\/rmc-em-fatos\/?page_id=33"},"modified":"2025-07-17T17:06:03","modified_gmt":"2025-07-17T20:06:03","slug":"politica-de-privacidade","status":"publish","type":"page","link":"https:\/\/design.projetoshr.com.br\/rmc-em-fatos\/politica-de-privacidade\/","title":{"rendered":"Pol\u00edtica de Privacidade"},"content":{"rendered":"\t\t<div data-elementor-type=\"wp-page\" data-elementor-id=\"33\" class=\"elementor elementor-33\" data-elementor-post-type=\"page\">\n\t\t\t\t<div class=\"elementor-element elementor-element-61883a9 e-flex e-con-boxed e-con e-parent\" data-id=\"61883a9\" data-element_type=\"container\" data-e-type=\"container\" data-settings=\"{&quot;background_background&quot;:&quot;classic&quot;}\">\n\t\t\t\t\t<div class=\"e-con-inner\">\n\t\t\t\t<div class=\"elementor-element elementor-element-c49b78f elementor-widget elementor-widget-heading\" data-id=\"c49b78f\" data-element_type=\"widget\" data-e-type=\"widget\" data-widget_type=\"heading.default\">\n\t\t\t\t\t<h1 class=\"elementor-heading-title elementor-size-default\">Pol\u00edticas de privacidade<\/h1>\t\t\t\t<\/div>\n\t\t\t\t\t<\/div>\n\t\t\t\t<\/div>\n\t\t<div class=\"elementor-element elementor-element-5b06b73 e-flex e-con-boxed e-con e-parent\" data-id=\"5b06b73\" data-element_type=\"container\" data-e-type=\"container\">\n\t\t\t\t\t<div class=\"e-con-inner\">\n\t\t\t\t<div class=\"elementor-element elementor-element-fa55eea elementor-widget elementor-widget-text-editor\" data-id=\"fa55eea\" data-element_type=\"widget\" data-e-type=\"widget\" data-widget_type=\"text-editor.default\">\n\t\t\t\t\t\t\t\t\t<p data-start=\"132\" data-end=\"221\"><strong data-start=\"178\" data-end=\"221\">\u00daltima atualiza\u00e7\u00e3o: 15 de julho de 2025<\/strong><\/p><h3 data-start=\"223\" data-end=\"248\">1. Informa\u00e7\u00f5es Gerais<\/h3><p data-start=\"250\" data-end=\"684\">A presente Pol\u00edtica de Privacidade cont\u00e9m informa\u00e7\u00f5es sobre coleta, uso, armazenamento, tratamento e prote\u00e7\u00e3o dos dados pessoais dos usu\u00e1rios e visitantes do blog <strong data-start=\"413\" data-end=\"429\">RCM em Fatos<\/strong>, com a finalidade de demonstrar absoluta transpar\u00eancia quanto ao assunto e esclarecer a todos os interessados sobre os tipos de dados que s\u00e3o coletados, os motivos da coleta e a forma como os usu\u00e1rios podem gerenciar ou excluir suas informa\u00e7\u00f5es pessoais.<\/p><h3 data-start=\"686\" data-end=\"717\">2. Coleta de Dados Pessoais<\/h3><p data-start=\"719\" data-end=\"1116\">Ao utilizar o <strong data-start=\"733\" data-end=\"749\">RCM em Fatos<\/strong>, voc\u00ea aceita a coleta de dados pessoais fornecidos por voc\u00ea e tamb\u00e9m dados coletados automaticamente, como caracter\u00edsticas do dispositivo de acesso, do navegador, IP (com data e hora), origem do IP, informa\u00e7\u00f5es sobre cliques, p\u00e1ginas acessadas, as p\u00e1ginas seguintes acessadas ap\u00f3s a sa\u00edda do blog, ou qualquer termo de busca digitado no site ou em refer\u00eancia a este.<\/p><h3 data-start=\"1118\" data-end=\"1138\">3. Uso dos Dados<\/h3><p data-start=\"1140\" data-end=\"1179\">Os dados coletados t\u00eam como finalidade:<\/p><ul data-start=\"1181\" data-end=\"1382\"><li data-start=\"1181\" data-end=\"1249\"><p data-start=\"1183\" data-end=\"1249\">Fornecer conte\u00fados personalizados e relevantes para os usu\u00e1rios;<\/p><\/li><li data-start=\"1250\" data-end=\"1298\"><p data-start=\"1252\" data-end=\"1298\">Melhorar a experi\u00eancia dos usu\u00e1rios no blog;<\/p><\/li><li data-start=\"1299\" data-end=\"1382\"><p data-start=\"1301\" data-end=\"1382\">Realizar comunica\u00e7\u00f5es de marketing relacionadas \u00e0s novidades do <strong data-start=\"1365\" data-end=\"1381\">RCM em Fatos<\/strong>.<\/p><\/li><\/ul><h3 data-start=\"1384\" data-end=\"1410\">4. Direitos do Usu\u00e1rio<\/h3><p data-start=\"1412\" data-end=\"1540\">O usu\u00e1rio do site <strong data-start=\"1430\" data-end=\"1446\">RCM em Fatos<\/strong> possui os seguintes direitos, conferidos pela Lei Geral de Prote\u00e7\u00e3o de Dados Pessoais (LGPD):<\/p><ul data-start=\"1542\" data-end=\"1900\"><li data-start=\"1542\" data-end=\"1586\"><p data-start=\"1544\" data-end=\"1586\">Confirma\u00e7\u00e3o da exist\u00eancia de tratamento;<\/p><\/li><li data-start=\"1587\" data-end=\"1608\"><p data-start=\"1589\" data-end=\"1608\">Acesso aos dados;<\/p><\/li><li data-start=\"1609\" data-end=\"1671\"><p data-start=\"1611\" data-end=\"1671\">Corre\u00e7\u00e3o de dados incompletos, inexatos ou desatualizados;<\/p><\/li><li data-start=\"1672\" data-end=\"1802\"><p data-start=\"1674\" data-end=\"1802\">Anonimiza\u00e7\u00e3o, bloqueio ou elimina\u00e7\u00e3o de dados desnecess\u00e1rios, excessivos ou tratados em desconformidade com o disposto na lei;<\/p><\/li><li data-start=\"1803\" data-end=\"1900\"><p data-start=\"1805\" data-end=\"1900\">Portabilidade dos dados a outro fornecedor de servi\u00e7o ou produto, mediante requisi\u00e7\u00e3o expressa.<\/p><\/li><\/ul><h3 data-start=\"1902\" data-end=\"1928\">5. Seguran\u00e7a dos Dados<\/h3><p data-start=\"1930\" data-end=\"2140\">Comprometemo-nos a aplicar as medidas t\u00e9cnicas e organizativas aptas a proteger os dados pessoais de acessos n\u00e3o autorizados e de situa\u00e7\u00f5es de destrui\u00e7\u00e3o, perda, altera\u00e7\u00e3o, comunica\u00e7\u00e3o ou difus\u00e3o de tais dados.<\/p><h3 data-start=\"2142\" data-end=\"2156\">6. Contato<\/h3><p data-start=\"2158\" data-end=\"2326\">Para exercer seus direitos de usu\u00e1rio, ou para qualquer esclarecimento sobre esta Pol\u00edtica de Privacidade, entre em contato conosco atrav\u00e9s do e-mail: <strong data-start=\"2309\" data-end=\"2325\">[seu e-mail]<\/strong>.<\/p>\t\t\t\t\t\t\t\t<\/div>\n\t\t\t\t\t<\/div>\n\t\t\t\t<\/div>\n\t\t\t\t<\/div>\n\t\t","protected":false},"excerpt":{"rendered":"<p>Pol\u00edticas de privacidade \u00daltima atualiza\u00e7\u00e3o: 15 de julho de 2025 1. Informa\u00e7\u00f5es Gerais A presente Pol\u00edtica de Privacidade cont\u00e9m informa\u00e7\u00f5es sobre coleta, uso, armazenamento, tratamento e prote\u00e7\u00e3o dos dados pessoais dos usu\u00e1rios e visitantes do blog RCM em Fatos, com a finalidade de demonstrar absoluta transpar\u00eancia quanto ao assunto e esclarecer a todos os interessados [&hellip;]<\/p>\n","protected":false},"author":1,"featured_media":0,"parent":0,"menu_order":0,"comment_status":"closed","ping_status":"closed","template":"elementor_header_footer","meta":{"footnotes":""},"class_list":["post-33","page","type-page","status-publish","hentry"],"_links":{"self":[{"href":"https:\/\/design.projetoshr.com.br\/rmc-em-fatos\/wp-json\/wp\/v2\/pages\/33","targetHints":{"allow":["GET"]}}],"collection":[{"href":"https:\/\/design.projetoshr.com.br\/rmc-em-fatos\/wp-json\/wp\/v2\/pages"}],"about":[{"href":"https:\/\/design.projetoshr.com.br\/rmc-em-fatos\/wp-json\/wp\/v2\/types\/page"}],"author":[{"embeddable":true,"href":"https:\/\/design.projetoshr.com.br\/rmc-em-fatos\/wp-json\/wp\/v2\/users\/1"}],"replies":[{"embeddable":true,"href":"https:\/\/design.projetoshr.com.br\/rmc-em-fatos\/wp-json\/wp\/v2\/comments?post=33"}],"version-history":[{"count":7,"href":"https:\/\/design.projetoshr.com.br\/rmc-em-fatos\/wp-json\/wp\/v2\/pages\/33\/revisions"}],"predecessor-version":[{"id":489,"href":"https:\/\/design.projetoshr.com.br\/rmc-em-fatos\/wp-json\/wp\/v2\/pages\/33\/revisions\/489"}],"wp:attachment":[{"href":"https:\/\/design.projetoshr.com.br\/rmc-em-fatos\/wp-json\/wp\/v2\/media?parent=33"}],"curies":[{"name":"wp","href":"https:\/\/api.w.org\/{rel}","templated":true}]}}