{"id":29,"date":"2025-07-16T19:00:57","date_gmt":"2025-07-16T22:00:57","guid":{"rendered":"https:\/\/projetos.h3web.com.br\/rmc-em-fatos\/?page_id=29"},"modified":"2025-07-17T18:21:20","modified_gmt":"2025-07-17T21:21:20","slug":"sobre","status":"publish","type":"page","link":"https:\/\/design.projetoshr.com.br\/rmc-em-fatos\/sobre\/","title":{"rendered":"Sobre"},"content":{"rendered":"\t\t<div data-elementor-type=\"wp-page\" data-elementor-id=\"29\" class=\"elementor elementor-29\" data-elementor-post-type=\"page\">\n\t\t\t\t<div class=\"elementor-element elementor-element-43dca58 e-flex e-con-boxed e-con e-parent\" data-id=\"43dca58\" data-element_type=\"container\" data-e-type=\"container\" data-settings=\"{&quot;background_background&quot;:&quot;classic&quot;}\">\n\t\t\t\t\t<div class=\"e-con-inner\">\n\t\t\t\t<div class=\"elementor-element elementor-element-b55662e elementor-widget elementor-widget-heading\" data-id=\"b55662e\" data-element_type=\"widget\" data-e-type=\"widget\" data-widget_type=\"heading.default\">\n\t\t\t\t\t<h1 class=\"elementor-heading-title elementor-size-default\">Sobre n\u00f3s<\/h1>\t\t\t\t<\/div>\n\t\t\t\t\t<\/div>\n\t\t\t\t<\/div>\n\t\t<div class=\"elementor-element elementor-element-a5be947 e-flex e-con-boxed e-con e-parent\" data-id=\"a5be947\" data-element_type=\"container\" data-e-type=\"container\">\n\t\t\t\t\t<div class=\"e-con-inner\">\n\t\t<div class=\"elementor-element elementor-element-bbdeeb9 e-con-full e-flex e-con e-child\" data-id=\"bbdeeb9\" data-element_type=\"container\" data-e-type=\"container\">\n\t\t\t\t<div class=\"elementor-element elementor-element-089e23c elementor-widget elementor-widget-heading\" data-id=\"089e23c\" data-element_type=\"widget\" data-e-type=\"widget\" data-widget_type=\"heading.default\">\n\t\t\t\t\t<h2 class=\"elementor-heading-title elementor-size-default\">Sobre o RMC em Fatos<\/h2>\t\t\t\t<\/div>\n\t\t\t\t<div class=\"elementor-element elementor-element-49c7278 elementor-widget elementor-widget-text-editor\" data-id=\"49c7278\" data-element_type=\"widget\" data-e-type=\"widget\" data-widget_type=\"text-editor.default\">\n\t\t\t\t\t\t\t\t\t<p><span style=\"font-weight: 400;\">O <\/span><b>RMC em Fatos<\/b><span style=\"font-weight: 400;\"> \u00e9 um portal de not\u00edcias comprometido com a informa\u00e7\u00e3o regional de qualidade, cobrindo de forma \u00e1gil e transparente os principais acontecimentos de <\/span><b>Americana, Santa B\u00e1rbara d\u2019Oeste, Nova Odessa e Sumar\u00e9<\/b><span style=\"font-weight: 400;\">.<\/span><\/p><p><span style=\"font-weight: 400;\">Nosso foco est\u00e1 no <\/span><b>cotidiano da popula\u00e7\u00e3o<\/b><span style=\"font-weight: 400;\"> e na <\/span><b>pol\u00edtica local<\/b><span style=\"font-weight: 400;\">, trazendo ao leitor conte\u00fados relevantes que impactam diretamente a vida nas cidades da Regi\u00e3o Metropolitana de Campinas. Acreditamos que o acesso \u00e0 informa\u00e7\u00e3o clara, precisa e atualizada fortalece a cidadania e aproxima a sociedade das decis\u00f5es que moldam o presente e o futuro da nossa regi\u00e3o.<\/span><\/p><p><span style=\"font-weight: 400;\">Com uma equipe conectada \u00e0 realidade local, o RMC em Fatos pauta seu trabalho pelo compromisso com a <\/span><b>responsabilidade jornal\u00edstica<\/b><span style=\"font-weight: 400;\">, o <\/span><b>interesse p\u00fablico<\/b><span style=\"font-weight: 400;\"> e a <\/span><b>valoriza\u00e7\u00e3o da verdade dos fatos<\/b><span style=\"font-weight: 400;\">.<\/span><\/p><p><span style=\"font-weight: 400;\">Aqui, voc\u00ea encontra desde os temas do dia a dia \u2014 como mobilidade urbana, sa\u00fade, seguran\u00e7a e servi\u00e7os \u2014 at\u00e9 os bastidores do poder legislativo e executivo, com uma cobertura cr\u00edtica e independente dos fatos pol\u00edticos que movem a nossa regi\u00e3o.<\/span><\/p><p><b>RMC em Fatos \u2013 A informa\u00e7\u00e3o regional que faz a diferen\u00e7a.<\/b><\/p>\t\t\t\t\t\t\t\t<\/div>\n\t\t\t\t<\/div>\n\t\t<div class=\"elementor-element elementor-element-e3fe7bf e-con-full e-flex e-con e-child\" data-id=\"e3fe7bf\" data-element_type=\"container\" data-e-type=\"container\">\n\t\t\t\t<div class=\"elementor-element elementor-element-888aad5 elementor-widget elementor-widget-image\" data-id=\"888aad5\" data-element_type=\"widget\" data-e-type=\"widget\" data-widget_type=\"image.default\">\n\t\t\t\t\t\t\t\t\t\t\t\t\t\t\t<img fetchpriority=\"high\" decoding=\"async\" width=\"800\" height=\"324\" src=\"https:\/\/design.projetoshr.com.br\/rmc-em-fatos\/wp-content\/uploads\/2025\/07\/logo-fundo-transparente-e1752704595625-1024x415.png\" class=\"attachment-large size-large wp-image-58\" alt=\"\" srcset=\"https:\/\/design.projetoshr.com.br\/rmc-em-fatos\/wp-content\/uploads\/2025\/07\/logo-fundo-transparente-e1752704595625-1024x415.png 1024w, https:\/\/design.projetoshr.com.br\/rmc-em-fatos\/wp-content\/uploads\/2025\/07\/logo-fundo-transparente-e1752704595625-300x122.png 300w, https:\/\/design.projetoshr.com.br\/rmc-em-fatos\/wp-content\/uploads\/2025\/07\/logo-fundo-transparente-e1752704595625-768x311.png 768w, https:\/\/design.projetoshr.com.br\/rmc-em-fatos\/wp-content\/uploads\/2025\/07\/logo-fundo-transparente-e1752704595625.png 1142w\" sizes=\"(max-width: 800px) 100vw, 800px\" \/>\t\t\t\t\t\t\t\t\t\t\t\t\t\t\t<\/div>\n\t\t\t\t<\/div>\n\t\t\t\t\t<\/div>\n\t\t\t\t<\/div>\n\t\t\t\t<\/div>\n\t\t","protected":false},"excerpt":{"rendered":"<p>Sobre n\u00f3s Sobre o RMC em Fatos O RMC em Fatos \u00e9 um portal de not\u00edcias comprometido com a informa\u00e7\u00e3o regional de qualidade, cobrindo de forma \u00e1gil e transparente os principais acontecimentos de Americana, Santa B\u00e1rbara d\u2019Oeste, Nova Odessa e Sumar\u00e9. Nosso foco est\u00e1 no cotidiano da popula\u00e7\u00e3o e na pol\u00edtica local, trazendo ao leitor [&hellip;]<\/p>\n","protected":false},"author":1,"featured_media":0,"parent":0,"menu_order":0,"comment_status":"closed","ping_status":"closed","template":"elementor_header_footer","meta":{"footnotes":""},"class_list":["post-29","page","type-page","status-publish","hentry"],"_links":{"self":[{"href":"https:\/\/design.projetoshr.com.br\/rmc-em-fatos\/wp-json\/wp\/v2\/pages\/29","targetHints":{"allow":["GET"]}}],"collection":[{"href":"https:\/\/design.projetoshr.com.br\/rmc-em-fatos\/wp-json\/wp\/v2\/pages"}],"about":[{"href":"https:\/\/design.projetoshr.com.br\/rmc-em-fatos\/wp-json\/wp\/v2\/types\/page"}],"author":[{"embeddable":true,"href":"https:\/\/design.projetoshr.com.br\/rmc-em-fatos\/wp-json\/wp\/v2\/users\/1"}],"replies":[{"embeddable":true,"href":"https:\/\/design.projetoshr.com.br\/rmc-em-fatos\/wp-json\/wp\/v2\/comments?post=29"}],"version-history":[{"count":16,"href":"https:\/\/design.projetoshr.com.br\/rmc-em-fatos\/wp-json\/wp\/v2\/pages\/29\/revisions"}],"predecessor-version":[{"id":576,"href":"https:\/\/design.projetoshr.com.br\/rmc-em-fatos\/wp-json\/wp\/v2\/pages\/29\/revisions\/576"}],"wp:attachment":[{"href":"https:\/\/design.projetoshr.com.br\/rmc-em-fatos\/wp-json\/wp\/v2\/media?parent=29"}],"curies":[{"name":"wp","href":"https:\/\/api.w.org\/{rel}","templated":true}]}}