{"id":81,"date":"2025-08-13T18:27:47","date_gmt":"2025-08-13T21:27:47","guid":{"rendered":"https:\/\/design.projetoshr.com.br\/loja-pop\/?post_type=product&#038;p=81"},"modified":"2025-08-16T05:08:33","modified_gmt":"2025-08-16T08:08:33","slug":"fogao-de-piso-4-bocas-mesa-vidro-neo-glass-suggar-bivolt","status":"publish","type":"product","link":"https:\/\/design.projetoshr.com.br\/loja-pop\/produto\/fogao-de-piso-4-bocas-mesa-vidro-neo-glass-suggar-bivolt\/","title":{"rendered":"Fog\u00e3o De Piso 4 Bocas Mesa Vidro Neo Glass Suggar Bivolt &#8211; \u00f3tima escolha"},"content":{"rendered":"<p>Fog\u00e3o De Piso 4 Bocas Mesa Vidro Neo Glass Suggar Bivolt<\/p>\n<p>Os novos FOG\u00d5ES NEO GLASS chegaram para renovar sua cozinha. Mais bonitos e sofisticados, trazem o que h\u00e1 de mais moderno na fabrica\u00e7\u00e3o de fog\u00f5es de piso. Al\u00e9m disso s\u00e3o lindos e v\u00e3o fazer da sua cozinha o ambiente mais charmoso da casa.<\/p>\n<p>Sua cozinha mais moderna e elegante com o Fog\u00e3o Suggar 4 Bocas Neo Glass.<\/p>\n<p>Ele possui mesa de vidro temperado que, al\u00e9m de sofisticada, oferece qualidade e alta resist\u00eancia. Suas trempes s\u00e3o individuais e aramadas, proporcionando mais estabilidade para as panelas.<\/p>\n<p>O forno de 56 litros conta com tecnologia de f\u00e1cil limpeza que n\u00e3o deixa a gordura grudar, assim simplifica sua vida na hora de limpar. E ainda traz prote\u00e7\u00e3o t\u00e9rmica com vidro duplo.<\/p>\n<p>Um fog\u00e3o robusto e eficiente com acendimento autom\u00e1tico para voc\u00ea preparar suas refei\u00e7\u00f5es com estilo e praticidade.<\/p>\n<p>Diferenciais<br \/>\n\u2022 Design super moderno<br \/>\n\u2022 Mesa de vidro temperado: qualidade e alta resist\u00eancia<br \/>\n\u2022 Trempes de a\u00e7o esmaltado brilhante com 6 pontos de apoio<br \/>\n\u2022 Mais estabilidade para as panelas<br \/>\n\u2022 Acendimento autom\u00e1tico total na mesa e no forno<br \/>\n\u2022 Capacidade do forno: 56L<br \/>\n\u2022 Forno F\u00e1cil Limpeza: a gordura n\u00e3o gruda e fica mais f\u00e1cil de limpar<br \/>\n\u2022 Prote\u00e7\u00e3o t\u00e9rmica com vidro duplo no forno<br \/>\n\u2022 Controle de temperatura do forno: 180\u00b0C a 280\u00b0C<br \/>\n\u2022 Puxador injetado pintado na cor do fog\u00e3o<br \/>\n\u2022 P\u00e9s elevados que facilitam a limpeza do piso<br \/>\n\u2022 Forno com v\u00e1lvula de seguran\u00e7a<br \/>\n\u2022 Grade fixa com 3 n\u00edveis de ajuste no forno<br \/>\n\u2022\u00a0Bivolt<\/p>\n<p>Caracter\u00edsticas<br \/>\nFabricante: Suggar<br \/>\nModelo: FGVNG410<br \/>\nCor: Preto ou Prata(Selecione no Ato da compra)<br \/>\nQuantidade de Queimadores: 4 Queimadores<br \/>\nCapacidade do forno: 56 Litros<br \/>\nVoltagem: Bivolt<\/p>\n<p>Peso e Dimens\u00f5es<br \/>\nProduto A x L x C: 92 x 49,5 x 64,30<br \/>\nPeso L\u00edquido: 22Kg<\/p>\n<p>Garantia Fabricante<br \/>\nGarantia 1 Ano<\/p>\n","protected":false},"excerpt":{"rendered":"<p>Fog\u00e3o De Piso 4 Bocas Mesa Vidro Neo Glass Suggar Bivolt Os novos FOG\u00d5ES NEO GLASS chegaram para renovar sua cozinha. Mais bonitos e sofisticados, trazem o que h\u00e1 de mais moderno na fabrica\u00e7\u00e3o de fog\u00f5es de piso. Al\u00e9m disso s\u00e3o lindos e v\u00e3o fazer da sua cozinha o ambiente mais charmoso da casa. Sua [&hellip;]<\/p>\n","protected":false},"featured_media":701,"comment_status":"open","ping_status":"closed","template":"","meta":[],"product_brand":[],"product_cat":[18],"product_tag":[],"class_list":{"0":"post-81","1":"product","2":"type-product","3":"status-publish","4":"has-post-thumbnail","6":"product_cat-eletrodomesticos","8":"first","9":"instock","10":"sale","11":"shipping-taxable","12":"purchasable","13":"product-type-simple"},"_links":{"self":[{"href":"https:\/\/design.projetoshr.com.br\/loja-pop\/wp-json\/wp\/v2\/product\/81","targetHints":{"allow":["GET"]}}],"collection":[{"href":"https:\/\/design.projetoshr.com.br\/loja-pop\/wp-json\/wp\/v2\/product"}],"about":[{"href":"https:\/\/design.projetoshr.com.br\/loja-pop\/wp-json\/wp\/v2\/types\/product"}],"replies":[{"embeddable":true,"href":"https:\/\/design.projetoshr.com.br\/loja-pop\/wp-json\/wp\/v2\/comments?post=81"}],"wp:featuredmedia":[{"embeddable":true,"href":"https:\/\/design.projetoshr.com.br\/loja-pop\/wp-json\/wp\/v2\/media\/701"}],"wp:attachment":[{"href":"https:\/\/design.projetoshr.com.br\/loja-pop\/wp-json\/wp\/v2\/media?parent=81"}],"wp:term":[{"taxonomy":"product_brand","embeddable":true,"href":"https:\/\/design.projetoshr.com.br\/loja-pop\/wp-json\/wp\/v2\/product_brand?post=81"},{"taxonomy":"product_cat","embeddable":true,"href":"https:\/\/design.projetoshr.com.br\/loja-pop\/wp-json\/wp\/v2\/product_cat?post=81"},{"taxonomy":"product_tag","embeddable":true,"href":"https:\/\/design.projetoshr.com.br\/loja-pop\/wp-json\/wp\/v2\/product_tag?post=81"}],"curies":[{"name":"wp","href":"https:\/\/api.w.org\/{rel}","templated":true}]}}