{"id":73,"date":"2025-08-13T18:21:48","date_gmt":"2025-08-13T21:21:48","guid":{"rendered":"https:\/\/design.projetoshr.com.br\/loja-pop\/?post_type=product&#038;p=73"},"modified":"2025-08-19T21:26:29","modified_gmt":"2025-08-20T00:26:29","slug":"smartphone-samsung-galaxy-s24-fe-5g-cinza-128gb-8gb-ram-galaxy-ai-camera-traseira-50mp-tela-6-7","status":"publish","type":"product","link":"https:\/\/design.projetoshr.com.br\/loja-pop\/produto\/smartphone-samsung-galaxy-s24-fe-5g-cinza-128gb-8gb-ram-galaxy-ai-camera-traseira-50mp-tela-6-7\/","title":{"rendered":"Smartphone Samsung Galaxy S24 FE 5G Cinza 128GB, 8GB RAM, Galaxy AI, C\u00e2mera Traseira 50MP, Tela 6.7"},"content":{"rendered":"<p>Escrever descri\u00e7\u00e3o aqui<\/p>\n","protected":false},"excerpt":{"rendered":"<p>Escrever descri\u00e7\u00e3o aqui<\/p>\n","protected":false},"featured_media":76,"comment_status":"open","ping_status":"closed","template":"","meta":[],"product_brand":[],"product_cat":[17],"product_tag":[],"class_list":{"0":"post-73","1":"product","2":"type-product","3":"status-publish","4":"has-post-thumbnail","6":"product_cat-smartphone","8":"first","9":"instock","10":"shipping-taxable","11":"purchasable","12":"product-type-simple"},"_links":{"self":[{"href":"https:\/\/design.projetoshr.com.br\/loja-pop\/wp-json\/wp\/v2\/product\/73","targetHints":{"allow":["GET"]}}],"collection":[{"href":"https:\/\/design.projetoshr.com.br\/loja-pop\/wp-json\/wp\/v2\/product"}],"about":[{"href":"https:\/\/design.projetoshr.com.br\/loja-pop\/wp-json\/wp\/v2\/types\/product"}],"replies":[{"embeddable":true,"href":"https:\/\/design.projetoshr.com.br\/loja-pop\/wp-json\/wp\/v2\/comments?post=73"}],"wp:featuredmedia":[{"embeddable":true,"href":"https:\/\/design.projetoshr.com.br\/loja-pop\/wp-json\/wp\/v2\/media\/76"}],"wp:attachment":[{"href":"https:\/\/design.projetoshr.com.br\/loja-pop\/wp-json\/wp\/v2\/media?parent=73"}],"wp:term":[{"taxonomy":"product_brand","embeddable":true,"href":"https:\/\/design.projetoshr.com.br\/loja-pop\/wp-json\/wp\/v2\/product_brand?post=73"},{"taxonomy":"product_cat","embeddable":true,"href":"https:\/\/design.projetoshr.com.br\/loja-pop\/wp-json\/wp\/v2\/product_cat?post=73"},{"taxonomy":"product_tag","embeddable":true,"href":"https:\/\/design.projetoshr.com.br\/loja-pop\/wp-json\/wp\/v2\/product_tag?post=73"}],"curies":[{"name":"wp","href":"https:\/\/api.w.org\/{rel}","templated":true}]}}