{"id":653,"date":"2025-08-16T02:43:53","date_gmt":"2025-08-16T05:43:53","guid":{"rendered":"https:\/\/design.projetoshr.com.br\/loja-pop\/?post_type=product&#038;p=653"},"modified":"2025-08-19T21:24:59","modified_gmt":"2025-08-20T00:24:59","slug":"mochila-dell-gaming-backpack-17-para-notebook-capa-de-chuva-acoplada-gm1720pm","status":"publish","type":"product","link":"https:\/\/design.projetoshr.com.br\/loja-pop\/produto\/mochila-dell-gaming-backpack-17-para-notebook-capa-de-chuva-acoplada-gm1720pm\/","title":{"rendered":"Mochila Dell Gaming Backpack 17 &#8211; para Notebook &#8211; Capa de Chuva Acoplada &#8211; GM1720PM"},"content":{"rendered":"<table border=\"0\" cellspacing=\"2\" cellpadding=\"2\">\n<tbody>\n<tr>\n<td colspan=\"2\" rowspan=\"1\" align=\"undefined\" valign=\"undefined\">Mantenha seu laptop para jogos em seguran\u00e7a enquanto estiver em movimento com a Mochila Dell Gaming. O tecido resistente com revestimento oferece uma prote\u00e7\u00e3o resistente a \u00e1gua contra os elementos naturais para que seus dispositivos permane\u00e7am protegidos quando voc\u00ea estiver em movimento. Al\u00e9m disso, o material e o revestimento eficientes ajudam a reduzir a movimenta\u00e7\u00e3o para proteger seu equipamento gamer.<\/td>\n<td align=\"undefined\" valign=\"undefined\"><\/td>\n<\/tr>\n<tr>\n<td><img decoding=\"async\" src=\"https:\/\/images.oficinadosbits.com.br\/images_storage2\/27862_02.jpg\" alt=\"\" \/><\/td>\n<td><img decoding=\"async\" src=\"https:\/\/images.oficinadosbits.com.br\/images_storage2\/27862_05.jpg\" alt=\"\" \/><\/td>\n<td><img decoding=\"async\" src=\"https:\/\/images.oficinadosbits.com.br\/images_storage2\/27862_06.jpg\" alt=\"\" \/><\/td>\n<\/tr>\n<tr>\n<td align=\"undefined\" valign=\"top\">\n<div>\n<h4><big>Capa de chuva f\u00e1cil de implementar para prote\u00e7\u00e3o<\/big><\/h4>\n<\/div>\n<div>\n<p>Uma capa de chuva acoplada e f\u00e1cil de implementar oferece prote\u00e7\u00e3o extra em condi\u00e7\u00f5es clim\u00e1ticas adversas e pode ser facilmente guardada quando n\u00e3o estiver em uso.<\/p>\n<\/div>\n<\/td>\n<td align=\"undefined\" valign=\"top\">\n<div>\n<h4><big>Conforto mais fresco para dias quentes<\/big><\/h4>\n<\/div>\n<div>\n<p>A malha traseira e os canais de fluxo de ar ajudam a manter sua temperatura corporal fresca mesmo nos dias mais quentes.<\/p>\n<\/div>\n<\/td>\n<td align=\"undefined\" valign=\"top\">\n<div>\n<h4><big>Visibilidade para a sua seguran\u00e7a<\/big><\/h4>\n<\/div>\n<div>\n<p>Esta mochila para laptop da Dell tem um impressionante design refletor que produz uma vibrante tonalidade de arco-\u00edris, garantindo sua visibilidade no escuro. Os motoristas e ciclistas ficar\u00e3o mais conscientes da sua presen\u00e7a, e voc\u00ea permanecer\u00e1 seguro.<\/p>\n<\/div>\n<\/td>\n<\/tr>\n<tr>\n<td><\/td>\n<td align=\"undefined\" valign=\"undefined\"><\/td>\n<td align=\"undefined\" valign=\"undefined\"><\/td>\n<\/tr>\n<tr>\n<td align=\"undefined\" valign=\"undefined\"><img decoding=\"async\" src=\"https:\/\/images.oficinadosbits.com.br\/images_storage2\/27862_03.jpg\" alt=\"\" \/><\/td>\n<td colspan=\"2\" rowspan=\"1\" align=\"undefined\" valign=\"undefined\">\n<h2>Amplo armazenamento para dias atarefados<\/h2>\n<p>A parte interna \u00e9 uma capa para transportar seu laptop Dell S\u00e9rie G para torneios de LAN e sess\u00f5es de jogos casuais. Seu bolso profundo serve para livros, anota\u00e7\u00f5es e acess\u00f3rios gamer essenciais, incluindo um headset no gancho fixador integrado para headsets. Um bolso de malha com z\u00edper na parte superior facilita o armazenamento de acess\u00f3rios menores, enquanto v\u00e1rios bolsos para acess\u00f3rios e slots para caneta permitem que voc\u00ea organize seus artigos de papelaria. Use os dois bolsos el\u00e1sticos da lateral para garrafa d`\u00e1gua e guarda-chuva.<\/td>\n<\/tr>\n<tr>\n<td colspan=\"2\" rowspan=\"1\" align=\"undefined\" valign=\"undefined\">\n<h2>F\u00e1cil de carregar em qualquer lugar<\/h2>\n<p>Projetada com tr\u00eas op\u00e7\u00f5es de transporte, esta bolsa para laptop da Dell proporciona conveni\u00eancia m\u00e1xima. A al\u00e7a superior simplifica sua movimenta\u00e7\u00e3o. J\u00e1 as duas al\u00e7as de ombro em formato de &#8220;S&#8221; se adaptam ao contorno do corpo para um suporte mais firme. A al\u00e7a frontal com fivela de libera\u00e7\u00e3o r\u00e1pida permite o r\u00e1pido ajuste para melhorar a distribui\u00e7\u00e3o de carga e o conforto no transporte. Se voc\u00ea tiver um voo ou uma viagem de trem, poder\u00e1 anexar a bolsa diretamente na passagem da al\u00e7a da mala de rodinha para viajar sem complica\u00e7\u00f5es.<\/td>\n<td align=\"undefined\" valign=\"undefined\"><img decoding=\"async\" src=\"https:\/\/images.oficinadosbits.com.br\/images_storage2\/27862_04.jpg\" alt=\"\" \/><\/td>\n<\/tr>\n<\/tbody>\n<\/table>\n<p>Compat\u00edvel com laptops Dell S\u00e9rie G, esta bolsa de laptop para jogos fornece o encaixe perfeito para seu dispositivo. O resistente material \u00e0 prova d`\u00e1gua, o bolso para laptop, a variedade de bolsos para acess\u00f3rios e os detalhes refletores garantem que esta Mochila Dell Gaming seja a solu\u00e7\u00e3o perfeita para suas necessidades de viagem de gamer.<\/p>\n<p>::Especifica\u00e7\u00f5es t\u00e9cnicas<\/p>\n<p>Marca: Dell<br \/>\nModelo: DELL-GMBP1720PM<\/p>\n<p>&#8211; Tipo: Mochila para transporte de notebook<br \/>\n&#8211; Compatibilidade com Notebook: 17&#8243;<br \/>\n&#8211; Frontal reflexivo<br \/>\n&#8211; Capa de chuva acoplada<\/p>\n<p>Dimens\u00e3o e peso:<br \/>\n&#8211; Largura: 32.5 cm<br \/>\n&#8211; Profundidade: 17 cm<br \/>\n&#8211; Altura: 49 cm<br \/>\n&#8211; Peso: 0.9 kg<\/p>\n<p><b>Peso com embalagem:<\/b>\u00a01,1Kg<br \/>\n<b>EAN:<\/b>\u00a05397184289006<br \/>\n<b>Modelo (GTIN):<\/b>\u00a0DELL-GMBP1720M<br \/>\n<b>C\u00f3digo refer\u00eancia:<\/b>\u00a027862<\/p>\n","protected":false},"excerpt":{"rendered":"<p>Mantenha seu laptop para jogos em seguran\u00e7a enquanto estiver em movimento com a Mochila Dell Gaming. O tecido resistente com revestimento oferece uma prote\u00e7\u00e3o resistente a \u00e1gua contra os elementos naturais para que seus dispositivos permane\u00e7am protegidos quando voc\u00ea estiver em movimento. Al\u00e9m disso, o material e o revestimento eficientes ajudam a reduzir a movimenta\u00e7\u00e3o [&hellip;]<\/p>\n","protected":false},"featured_media":654,"comment_status":"open","ping_status":"closed","template":"","meta":[],"product_brand":[],"product_cat":[39],"product_tag":[],"class_list":{"0":"post-653","1":"product","2":"type-product","3":"status-publish","4":"has-post-thumbnail","6":"product_cat-produtos-virais","8":"first","9":"instock","10":"shipping-taxable","11":"purchasable","12":"product-type-simple"},"_links":{"self":[{"href":"https:\/\/design.projetoshr.com.br\/loja-pop\/wp-json\/wp\/v2\/product\/653","targetHints":{"allow":["GET"]}}],"collection":[{"href":"https:\/\/design.projetoshr.com.br\/loja-pop\/wp-json\/wp\/v2\/product"}],"about":[{"href":"https:\/\/design.projetoshr.com.br\/loja-pop\/wp-json\/wp\/v2\/types\/product"}],"replies":[{"embeddable":true,"href":"https:\/\/design.projetoshr.com.br\/loja-pop\/wp-json\/wp\/v2\/comments?post=653"}],"wp:featuredmedia":[{"embeddable":true,"href":"https:\/\/design.projetoshr.com.br\/loja-pop\/wp-json\/wp\/v2\/media\/654"}],"wp:attachment":[{"href":"https:\/\/design.projetoshr.com.br\/loja-pop\/wp-json\/wp\/v2\/media?parent=653"}],"wp:term":[{"taxonomy":"product_brand","embeddable":true,"href":"https:\/\/design.projetoshr.com.br\/loja-pop\/wp-json\/wp\/v2\/product_brand?post=653"},{"taxonomy":"product_cat","embeddable":true,"href":"https:\/\/design.projetoshr.com.br\/loja-pop\/wp-json\/wp\/v2\/product_cat?post=653"},{"taxonomy":"product_tag","embeddable":true,"href":"https:\/\/design.projetoshr.com.br\/loja-pop\/wp-json\/wp\/v2\/product_tag?post=653"}],"curies":[{"name":"wp","href":"https:\/\/api.w.org\/{rel}","templated":true}]}}