{"id":627,"date":"2025-08-16T02:30:37","date_gmt":"2025-08-16T05:30:37","guid":{"rendered":"https:\/\/design.projetoshr.com.br\/loja-pop\/?post_type=product&#038;p=627"},"modified":"2025-08-19T21:25:46","modified_gmt":"2025-08-20T00:25:46","slug":"fone-de-ouvido-bluetooth-intra-auricular-lecoo-ew301bk-microfone-tws-case-carregador-preto","status":"publish","type":"product","link":"https:\/\/design.projetoshr.com.br\/loja-pop\/produto\/fone-de-ouvido-bluetooth-intra-auricular-lecoo-ew301bk-microfone-tws-case-carregador-preto\/","title":{"rendered":"Fone de Ouvido Bluetooth Intra-Auricular Lecoo EW301BK &#8211; Microfone &#8211; TWS &#8211; Case carregador &#8211; Preto"},"content":{"rendered":"<div>\n<div class=\"vertimobieven\">\n<div><\/div>\n<div class=\"styled-text\">\n<h5>Fone de Ouvido Bluetooth Lecoo TWS EW301BK<\/h5>\n<p>Design Moderno e confort\u00e1vel o fone EW301 da Lecoo, oferece um encaixe perfeito para os seus ouvidos. Com at\u00e9 3 horas de dura\u00e7\u00e3o, voc\u00ea ter\u00e1 muita liberdade gra\u00e7as a sua tecnologia True Wireless Stereo. Oferece ao usu\u00e1rio uma qualidade de som admir\u00e1vel e uma conectividade imediata em qualquer dispositivo via bluetooth 5.0<\/p>\n<\/div>\n<\/div>\n<\/div>\n<p><strong>::Especifica\u00e7\u00f5es T\u00e9cnicas<\/strong><\/p>\n<p>Marca: Lecoo<br \/>\nModelo: EW301BK<br \/>\nCor: Preto<\/p>\n<p><b>Som<br \/>\n<\/b>&#8211; Tamanho do Alto-Falante: 8mm<br \/>\n&#8211; Dire\u00e7\u00e3o de Capta\u00e7\u00e3o do Microfone: Omnidirecional<br \/>\n&#8211; Frequ\u00eancia de Resposta: 20Hz a 20kHz<br \/>\n&#8211; Imped\u00e2ncia: 16O<br \/>\n&#8211; Sensibilidade: 105dB \u00b1 3dB<br \/>\n&#8211; Possui Som Est\u00e9reo: Sim<b><\/b><\/p>\n<p>Alimenta\u00e7\u00e3o e Bateria<br \/>\n&#8211; Capacidade do Fone: 30mAh<br \/>\n&#8211; Capacidade da Base: 180mAh<br \/>\n&#8211; Conector para Carregamento: USB-C<br \/>\n&#8211; Tens\u00e3o de Entrada: 5V 1A<br \/>\n&#8211; Corrente de Entrada: 12mA<br \/>\n&#8211; Tempo de Uso Cont\u00ednuo: 3 horas<br \/>\n&#8211; Tempo de Carregamento: 1 hora<b><\/b><\/p>\n<p>Conex\u00e3o<br \/>\n&#8211; Tipo: Bluetooth 5.0<br \/>\n&#8211; Raio de Opera\u00e7\u00e3o: At\u00e9 12 metros<br \/>\n&#8211; Possui True Wireless Stereo: Sim<br \/>\n&#8211; Possi Microfone Integrado: Sim<br \/>\n&#8211; Possui Fun\u00e7\u00e3o Touch: Sim<br \/>\n&#8211; Possui Fun\u00e7\u00e3o Handsfree: Sim<b><\/b><\/p>\n<p>Dimens\u00f5es e Peso<br \/>\n&#8211; Altura da embalagem: 10 CM<br \/>\n&#8211; Largura embalagem: 9 CM<br \/>\n&#8211; Comprimento embalagem: 4 CM<br \/>\n&#8211; Peso embalagem: 110 g<b><br \/>\n<\/b><\/p>\n<p><b>Peso com embalagem:<\/b>\u00a00,2Kg<br \/>\n<b>EAN:<\/b>\u00a06971859343072<br \/>\n<b>Modelo (GTIN):<\/b>\u00a0EW301BK<br \/>\n<b>C\u00f3digo refer\u00eancia:<\/b>\u00a036445<\/p>\n","protected":false},"excerpt":{"rendered":"<p>Fone de Ouvido Bluetooth Lecoo TWS EW301BK Design Moderno e confort\u00e1vel o fone EW301 da Lecoo, oferece um encaixe perfeito para os seus ouvidos. Com at\u00e9 3 horas de dura\u00e7\u00e3o, voc\u00ea ter\u00e1 muita liberdade gra\u00e7as a sua tecnologia True Wireless Stereo. Oferece ao usu\u00e1rio uma qualidade de som admir\u00e1vel e uma conectividade imediata em qualquer [&hellip;]<\/p>\n","protected":false},"featured_media":629,"comment_status":"open","ping_status":"closed","template":"","meta":[],"product_brand":[],"product_cat":[36],"product_tag":[],"class_list":{"0":"post-627","1":"product","2":"type-product","3":"status-publish","4":"has-post-thumbnail","6":"product_cat-fones","8":"first","9":"instock","10":"sale","11":"shipping-taxable","12":"purchasable","13":"product-type-simple"},"_links":{"self":[{"href":"https:\/\/design.projetoshr.com.br\/loja-pop\/wp-json\/wp\/v2\/product\/627","targetHints":{"allow":["GET"]}}],"collection":[{"href":"https:\/\/design.projetoshr.com.br\/loja-pop\/wp-json\/wp\/v2\/product"}],"about":[{"href":"https:\/\/design.projetoshr.com.br\/loja-pop\/wp-json\/wp\/v2\/types\/product"}],"replies":[{"embeddable":true,"href":"https:\/\/design.projetoshr.com.br\/loja-pop\/wp-json\/wp\/v2\/comments?post=627"}],"wp:featuredmedia":[{"embeddable":true,"href":"https:\/\/design.projetoshr.com.br\/loja-pop\/wp-json\/wp\/v2\/media\/629"}],"wp:attachment":[{"href":"https:\/\/design.projetoshr.com.br\/loja-pop\/wp-json\/wp\/v2\/media?parent=627"}],"wp:term":[{"taxonomy":"product_brand","embeddable":true,"href":"https:\/\/design.projetoshr.com.br\/loja-pop\/wp-json\/wp\/v2\/product_brand?post=627"},{"taxonomy":"product_cat","embeddable":true,"href":"https:\/\/design.projetoshr.com.br\/loja-pop\/wp-json\/wp\/v2\/product_cat?post=627"},{"taxonomy":"product_tag","embeddable":true,"href":"https:\/\/design.projetoshr.com.br\/loja-pop\/wp-json\/wp\/v2\/product_tag?post=627"}],"curies":[{"name":"wp","href":"https:\/\/api.w.org\/{rel}","templated":true}]}}