{"id":619,"date":"2025-08-16T02:23:44","date_gmt":"2025-08-16T05:23:44","guid":{"rendered":"https:\/\/design.projetoshr.com.br\/loja-pop\/?post_type=product&#038;p=619"},"modified":"2025-08-16T03:30:43","modified_gmt":"2025-08-16T06:30:43","slug":"notebook-asus-vivobook-go-e1504fa-nj1291-ryzen-3-7320u-ram-4gb-ssd-128gb-tela-15-6-full-hd-linux-mixed-black","status":"publish","type":"product","link":"https:\/\/design.projetoshr.com.br\/loja-pop\/produto\/notebook-asus-vivobook-go-e1504fa-nj1291-ryzen-3-7320u-ram-4gb-ssd-128gb-tela-15-6-full-hd-linux-mixed-black\/","title":{"rendered":"Notebook Asus Vivobook Go E1504FA-NJ1291 &#8211; Ryzen 3 7320U, RAM 4GB, SSD 128GB, Tela 15.6&#8243; Full HD, Linux"},"content":{"rendered":"<div id=\"cadasus\">\n<div>\n<h4>ASUS Vivobook Go 15<\/h4>\n<p>Produtividade para ir al\u00e9m<\/p>\n<p><img decoding=\"async\" src=\"https:\/\/images.oficinadosbits.com.br\/images_storage2\/35439_01.jpg\" \/>O notebook ASUS Vivobook Go 15 \u00e9 leve, compacto e projetado para torn\u00e1-lo produtivo e mant\u00ea-lo entretido onde quer que voc\u00ea v\u00e1! Com dobradi\u00e7a plana de 180\u00b0, tampa f\u00edsica protetora na webcam, resist\u00eancia de n\u00edvel militar e muitos recursos de design bem pensados \u2014 incluindo uma tela de 15 polegadas antirreflexo Full HD \u2014 Seja sempre produtivo e v\u00e1 al\u00e9m com o notebook ASUS Vivobook Go 15!<\/p>\n<\/div>\n<div>\n<h5>Tela<\/h5>\n<hr \/>\n<p>Com qualidade incr\u00edvel<\/p>\n<p>O ASUS Vivobook Go 15 traz excelentes visuais com a tecnologia NanoEdge de bordas finas, que oferece mais espa\u00e7o em tela para multitarefa e visualiza\u00e7\u00e3o imersiva.<\/p>\n<p><img decoding=\"async\" src=\"https:\/\/images.oficinadosbits.com.br\/images_storage2\/35439_02.jpg\" \/><\/p>\n<\/div>\n<div>\n<h5>Desempenho<\/h5>\n<hr \/>\n<p>Miss\u00e3o cumprida!<\/p>\n<p>Este ASUS Vivobook Go 15 \u00e9 equipado com processador AMD Ryzen\u2122 3 7320U, r\u00e1pida mem\u00f3ria RAM DDR5 e grandes capacidades de armazenamento, tudo para ajud\u00e1-lo a concluir suas tarefas com mais produtividade.<\/p>\n<p><img decoding=\"async\" src=\"https:\/\/images.oficinadosbits.com.br\/images_storage2\/35439_03.jpg\" \/><\/p>\n<\/div>\n<div>\n<h5>Bateria<\/h5>\n<hr \/>\n<p>Carregamento r\u00e1pido<\/p>\n<p>O ASUS Vivobook Go 15 suporta carregamento r\u00e1pido, para que voc\u00ea possa recarregar at\u00e9 60% de sua bateria de 42 Wh no menor tempo poss\u00edvel. Voc\u00ea estar\u00e1 pronto para a a\u00e7\u00e3o mais r\u00e1pido do que nunca!<\/p>\n<p><img decoding=\"async\" src=\"https:\/\/images.oficinadosbits.com.br\/images_storage2\/35439_04.jpg\" \/><\/p>\n<\/div>\n<div>\n<h5>\u00c1udio<\/h5>\n<hr \/>\n<p>Excelente \u00e1udio para ouvir o mundo<\/p>\n<p>O ASUS Vivobook Go 15 oferece um som incrivelmente poderoso e l\u00edmpido, gra\u00e7as \u00e0 ao ASUS SonicMaster. A combina\u00e7\u00e3o de hardware e software aumenta o volume e remove o ru\u00eddo, melhorando a clareza do \u00e1udio para que voc\u00ea obtenha um som mais envolvente.<\/p>\n<p><img decoding=\"async\" src=\"https:\/\/images.oficinadosbits.com.br\/images_storage2\/35439_05.jpg\" \/><\/p>\n<\/div>\n<div>\n<h5>Dobradi\u00e7a de 180\u00b0<\/h5>\n<hr \/>\n<p>Totalmente aberto para melhor visualiza\u00e7\u00e3o<\/p>\n<p>O ASUS Vivobook Go 15 apresenta uma dobradi\u00e7a plana de 180\u00b0, projetada com precis\u00e3o para facilitar a visualiza\u00e7\u00e3o dos conte\u00fados em tela por qualquer pessoa ao redor.<\/p>\n<p><img decoding=\"async\" src=\"https:\/\/images.oficinadosbits.com.br\/images_storage2\/35439_06.jpg\" \/><\/p>\n<\/div>\n<div>\n<h5>Privacidade protegida<\/h5>\n<hr \/>\n<div class=\"vertimobi\">\n<div>\n<h6>Tampa de privacidade na webcam<\/h6>\n<p>O ASUS Vivobook Go 15 leva a sua privacidade e seguran\u00e7a a s\u00e9rio. H\u00e1 uma tampa f\u00edsica integrada que desliza sobre a webcam, garantindo sua privacidade instantaneamente e protegendo voc\u00ea de olhares indiscretos e perturba\u00e7\u00f5es.<\/p>\n<\/div>\n<div><img decoding=\"async\" src=\"https:\/\/images.oficinadosbits.com.br\/images_storage2\/35439_07.jpg\" \/><\/div>\n<\/div>\n<\/div>\n<div>\n<h5>Conectividade<\/h5>\n<hr \/>\n<p>Perfeito em todos os detalhes<\/p>\n<p>O ASUS Vivobook Go 15 mant\u00e9m voc\u00ea totalmente conectado. H\u00e1 uma porta USB-C\u00ae 3.2 Gera\u00e7\u00e3o 1, portas USB 3.2 Gera\u00e7\u00e3o 1 Tipo-A, uma porta USB 2.0, sa\u00edda HDMI\u00ae e um conector de \u00e1udio de 3,5 mm para fone\/microfone \u2014 que facilita a conex\u00e3o de todos os perif\u00e9ricos, monitores e projetores existentes.<\/p>\n<p><img decoding=\"async\" src=\"https:\/\/images.oficinadosbits.com.br\/images_storage2\/35439_08.jpg\" \/><\/p>\n<\/div>\n<div>\n<h5>Cancelamento de ru\u00eddo inteligente<\/h5>\n<hr \/>\n<p>Tecnologia de \u00e1udio de cancelamento de ru\u00eddo com IA<\/p>\n<p>Com o aumento dos trabalhos remotos e frequentes chamadas de v\u00eddeo, o Vivobook Go apresenta a tecnologia de \u00e1udio com cancelamento de ru\u00eddo inteligente para garantir a melhor experi\u00eancia sonora. Esse sistema emprega intelig\u00eancia artificial autom\u00e1tica para isolar ru\u00eddos indesejados da fala humana. O recurso ClearVoice Mic, presente no aplicativo MyASUS, pode filtrar o ru\u00eddo ambiente e normalizar todas as vozes individuais no modo multi-apresentador, mesmo com elas vindo de diferentes posi\u00e7\u00f5es. Isso garante uma \u00f3tima qualidade em chamadas de confer\u00eancia em grupo. J\u00e1 o recurso ClearVoice Speaker, tamb\u00e9m dispon\u00edvel, \u00e9 capaz de filtrar todo o ru\u00eddo ambiente, exceto a fala humana, para que voc\u00ea ou\u00e7a claramente o que todos est\u00e3o dizendo.<\/p>\n<p><img decoding=\"async\" src=\"https:\/\/images.oficinadosbits.com.br\/images_storage2\/35439_09.jpg\" \/><\/p>\n<\/div>\n<\/div>\n<p><strong>::Especifica\u00e7\u00f5es T\u00e9cnicas<\/strong><\/p>\n<p>Marca: Asus<br \/>\nModelo: E1504FA-NJ1291<br \/>\nCor: Mixed Black<\/p>\n<p>Sistema Operacional: Linux &#8211; Keep OS<\/p>\n<p><b>Processador:<\/b><br \/>\n&#8211; AMD Ryzen\u2122 3 7320U<br \/>\n&#8211; 4 n\u00facleos | 8 threads<br \/>\n&#8211; Velocidade 2,4 GHz &#8211; Aumento m\u00e1ximo de at\u00e9 4.1 GHz<br \/>\n&#8211; 6 MB Cache<\/p>\n<p><b>Mem\u00f3ria:<\/b><br \/>\n&#8211; 4 GB RAM<br \/>\n&#8211; LPDDR5<\/p>\n<p><b>Armazenamento:<\/b><br \/>\n&#8211; SSD 128 GB NVMe de alt\u00edssima velocidade<\/p>\n<p><b>Tela:<\/b><br \/>\n&#8211; 15,6\u201d Full HD 1920 x 1080 IPS<br \/>\n&#8211; Propor\u00e7\u00e3o: 16:9<br \/>\n&#8211; Retroilumina\u00e7\u00e3o LED, Tela Antirreflexo<br \/>\n&#8211; Taxa de atualiza\u00e7\u00e3o: 60 Hz<br \/>\n&#8211; Brilho: 250nits<br \/>\n&#8211; Gama de cores NTSC: 45%<\/p>\n<p><b>C\u00e2mera:<\/b><br \/>\n&#8211; C\u00e2mera HD 720p<br \/>\n&#8211; Com tampa de privacidade<\/p>\n<p><b>Placa de V\u00eddeo:<\/b><br \/>\n&#8211; AMD Radeon\u2122 610M<\/p>\n<p><b>\u00c1udio:<\/b><br \/>\n&#8211; SonicMaster<br \/>\n&#8211; Alto-falante embutido<br \/>\n&#8211; Microfone embutido<br \/>\n&#8211; Suporte de reconhecimento de voz Cortana<\/p>\n<p><b>Conectividade:<\/b><br \/>\n&#8211; Wi-Fi 5(802.11ac)<br \/>\n&#8211; Dual Band 1*1<br \/>\n&#8211; Bluetooth\u00ae 5.1<\/p>\n<p><b>Teclado:<\/b><br \/>\n&#8211; Portugu\u00eas do Brasil padr\u00e3o ABNT 2<br \/>\n&#8211; Teclado Chiclet<br \/>\n&#8211; Deslocamento de tecla de 1,4 mm<br \/>\n&#8211; Touchpad de precis\u00e3o<\/p>\n<p><b>Portas:<\/b><br \/>\n&#8211; 1 x USB 2.0 Tipo A<br \/>\n&#8211; 1 x USB 3.2 Gera\u00e7\u00e3o 1 Tipo-A<br \/>\n&#8211; 1 x USB 3.2 Gera\u00e7\u00e3o 1 Tipo-C<br \/>\n&#8211; 1 x HDMI 1.4<br \/>\n&#8211; 1 x Conector de 3,5 mm para fone\/microfone<br \/>\n&#8211; 1 x Entrada DC<\/p>\n<p><b>Bateria e Alimenta\u00e7\u00e3o:<\/b><br \/>\n&#8211; Bateria: Bateria de 3 c\u00e9lulas (Li-\u00cdon) 42Wh &#8211; 3S1P<br \/>\n&#8211; Fonte de Energia:<br \/>\n&#8211; Adaptador de Energia AC de 45,00 W<br \/>\n&#8211; Sa\u00edda: 19 V CC, 2,37 A, 45 W,<br \/>\n&#8211; Entrada: 100 ~ 240 V AC 50\/60 Hz universal<\/p>\n<p><b>Peso e Dimens\u00f5es:<\/b><br \/>\n&#8211; Dimens\u00f5es: 36,03 x 23,25 x 1,79 cm<br \/>\n&#8211; Peso: 1.63 kg<\/p>\n","protected":false},"excerpt":{"rendered":"<p>ASUS Vivobook Go 15 Produtividade para ir al\u00e9m O notebook ASUS Vivobook Go 15 \u00e9 leve, compacto e projetado para torn\u00e1-lo produtivo e mant\u00ea-lo entretido onde quer que voc\u00ea v\u00e1! Com dobradi\u00e7a plana de 180\u00b0, tampa f\u00edsica protetora na webcam, resist\u00eancia de n\u00edvel militar e muitos recursos de design bem pensados \u2014 incluindo uma tela [&hellip;]<\/p>\n","protected":false},"featured_media":622,"comment_status":"open","ping_status":"closed","template":"","meta":[],"product_brand":[],"product_cat":[15],"product_tag":[],"class_list":{"0":"post-619","1":"product","2":"type-product","3":"status-publish","4":"has-post-thumbnail","6":"product_cat-notebooks","8":"first","9":"instock","10":"sale","11":"shipping-taxable","12":"purchasable","13":"product-type-simple"},"_links":{"self":[{"href":"https:\/\/design.projetoshr.com.br\/loja-pop\/wp-json\/wp\/v2\/product\/619","targetHints":{"allow":["GET"]}}],"collection":[{"href":"https:\/\/design.projetoshr.com.br\/loja-pop\/wp-json\/wp\/v2\/product"}],"about":[{"href":"https:\/\/design.projetoshr.com.br\/loja-pop\/wp-json\/wp\/v2\/types\/product"}],"replies":[{"embeddable":true,"href":"https:\/\/design.projetoshr.com.br\/loja-pop\/wp-json\/wp\/v2\/comments?post=619"}],"wp:featuredmedia":[{"embeddable":true,"href":"https:\/\/design.projetoshr.com.br\/loja-pop\/wp-json\/wp\/v2\/media\/622"}],"wp:attachment":[{"href":"https:\/\/design.projetoshr.com.br\/loja-pop\/wp-json\/wp\/v2\/media?parent=619"}],"wp:term":[{"taxonomy":"product_brand","embeddable":true,"href":"https:\/\/design.projetoshr.com.br\/loja-pop\/wp-json\/wp\/v2\/product_brand?post=619"},{"taxonomy":"product_cat","embeddable":true,"href":"https:\/\/design.projetoshr.com.br\/loja-pop\/wp-json\/wp\/v2\/product_cat?post=619"},{"taxonomy":"product_tag","embeddable":true,"href":"https:\/\/design.projetoshr.com.br\/loja-pop\/wp-json\/wp\/v2\/product_tag?post=619"}],"curies":[{"name":"wp","href":"https:\/\/api.w.org\/{rel}","templated":true}]}}