{"id":611,"date":"2025-08-16T02:17:26","date_gmt":"2025-08-16T05:17:26","guid":{"rendered":"https:\/\/design.projetoshr.com.br\/loja-pop\/?post_type=product&#038;p=611"},"modified":"2025-08-19T21:25:40","modified_gmt":"2025-08-20T00:25:40","slug":"fone-de-ouvido-bluetooth-multilaser-pulse-hb200-preto-ph430","status":"publish","type":"product","link":"https:\/\/design.projetoshr.com.br\/loja-pop\/produto\/fone-de-ouvido-bluetooth-multilaser-pulse-hb200-preto-ph430\/","title":{"rendered":"Fone de Ouvido Bluetooth Multilaser Pulse HB200 &#8211; Preto &#8211; PH430"},"content":{"rendered":"<section class=\"container overflow-hidden d-flex flex-wrap justify-content-center px-4 p-lg-0 py-3\">\n<div class=\"description-section\">\n<div>\n<div class=\"vertimobieven\">\n<div><\/div>\n<div>\n<p><b>Multilaser Pulse HB200<br \/>\n<\/b><\/p>\n<p>Headphone Bluetooth Pulse HB200, som est\u00e9reo, graves equilibrados, e incrivelmente confort\u00e1vel.<\/p>\n<\/div>\n<\/div>\n<\/div>\n<p><strong>::Especifica\u00e7\u00f5es T\u00e9cnicas<\/strong><\/p>\n<p>Marca: Multilaser<br \/>\nModelo: PH430<br \/>\nCor: Preto<\/p>\n<p>Design e Conforto<br \/>\n&#8211; Design Over-Ear: Envolve completamente as orelhas, proporcionando isolamento ac\u00fastico e conforto para uso prolongado.<br \/>\n&#8211; Ajust\u00e1vel: Hastes ajust\u00e1veis e almofadas macias que garantem um ajuste perfeito para diferentes tamanhos de cabe\u00e7a.<br \/>\n&#8211; Estilo Moderno: Acabamento elegante e moderno que combina com qualquer estilo.<\/p>\n<p>Qualidade de Som<br \/>\n&#8211; Som Est\u00e9reo: Graves equilibrados e agudos claros, oferecendo uma experi\u00eancia sonora rica e envolvente.<br \/>\n&#8211; Drivers de Alta Qualidade: Componentes internos que proporcionam uma reprodu\u00e7\u00e3o fiel e n\u00edtida dos sons.<\/p>\n<p>Conectividade e Fun\u00e7\u00f5es<br \/>\n&#8211; Bluetooth 5.3: Conex\u00e3o r\u00e1pida e est\u00e1vel com dispositivos compat\u00edveis, com alcance de at\u00e9 10 metros.<br \/>\n&#8211; Microfone Embutido: Permite realizar chamadas telef\u00f4nicas com clareza e facilidade, sem precisar tirar o fone.<br \/>\n&#8211; Controle de M\u00eddia: Bot\u00f5es integrados para controlar volume, reproduzir\/pausar m\u00fasicas e atender\/encerrar chamadas.<br \/>\n<strong><br \/>\nBateria e Carregamento<br \/>\n<\/strong>&#8211; Bateria de Longa Dura\u00e7\u00e3o: At\u00e9 50 horas de uso cont\u00ednuo com uma \u00fanica carga, ideal para longas jornadas de uso.<br \/>\n&#8211; Carregamento R\u00e1pido: Cabo Type C incluso, permitindo um carregamento r\u00e1pido e eficiente.<\/p>\n<p>Caracter\u00edsticas T\u00e9cnicas<br \/>\n&#8211; Frequ\u00eancia de Resposta: 20Hz &#8211; 20kHz<br \/>\n&#8211; Imped\u00e2ncia: 32 ohms<br \/>\n&#8211; Sensibilidade: 98dB \u00b1 3dB<\/p>\n<p>Dimens\u00f5es e Peso<br \/>\n&#8211; Dimens\u00f5es: 22 x 10 x 24 cm<br \/>\n&#8211; Peso: 500 g<\/p>\n<p><b>Peso com embalagem:<\/b>\u00a00,4Kg<br \/>\n<b>EAN:<\/b>\u00a07908685688472<br \/>\n<b>Modelo (GTIN):<\/b>\u00a0PH430<br \/>\n<b>C\u00f3digo refer\u00eancia:<\/b>\u00a036470<\/p>\n<\/div>\n<\/section>\n<section class=\"container_general px-custom\">\n<div class=\"container py-4 container-white__rounded\"><\/div>\n<\/section>\n","protected":false},"excerpt":{"rendered":"<p>Multilaser Pulse HB200 Headphone Bluetooth Pulse HB200, som est\u00e9reo, graves equilibrados, e incrivelmente confort\u00e1vel. ::Especifica\u00e7\u00f5es T\u00e9cnicas Marca: Multilaser Modelo: PH430 Cor: Preto Design e Conforto &#8211; Design Over-Ear: Envolve completamente as orelhas, proporcionando isolamento ac\u00fastico e conforto para uso prolongado. &#8211; Ajust\u00e1vel: Hastes ajust\u00e1veis e almofadas macias que garantem um ajuste perfeito para diferentes tamanhos [&hellip;]<\/p>\n","protected":false},"featured_media":612,"comment_status":"open","ping_status":"closed","template":"","meta":[],"product_brand":[],"product_cat":[37],"product_tag":[],"class_list":{"0":"post-611","1":"product","2":"type-product","3":"status-publish","4":"has-post-thumbnail","6":"product_cat-headphones","8":"first","9":"instock","10":"shipping-taxable","11":"purchasable","12":"product-type-simple"},"_links":{"self":[{"href":"https:\/\/design.projetoshr.com.br\/loja-pop\/wp-json\/wp\/v2\/product\/611","targetHints":{"allow":["GET"]}}],"collection":[{"href":"https:\/\/design.projetoshr.com.br\/loja-pop\/wp-json\/wp\/v2\/product"}],"about":[{"href":"https:\/\/design.projetoshr.com.br\/loja-pop\/wp-json\/wp\/v2\/types\/product"}],"replies":[{"embeddable":true,"href":"https:\/\/design.projetoshr.com.br\/loja-pop\/wp-json\/wp\/v2\/comments?post=611"}],"wp:featuredmedia":[{"embeddable":true,"href":"https:\/\/design.projetoshr.com.br\/loja-pop\/wp-json\/wp\/v2\/media\/612"}],"wp:attachment":[{"href":"https:\/\/design.projetoshr.com.br\/loja-pop\/wp-json\/wp\/v2\/media?parent=611"}],"wp:term":[{"taxonomy":"product_brand","embeddable":true,"href":"https:\/\/design.projetoshr.com.br\/loja-pop\/wp-json\/wp\/v2\/product_brand?post=611"},{"taxonomy":"product_cat","embeddable":true,"href":"https:\/\/design.projetoshr.com.br\/loja-pop\/wp-json\/wp\/v2\/product_cat?post=611"},{"taxonomy":"product_tag","embeddable":true,"href":"https:\/\/design.projetoshr.com.br\/loja-pop\/wp-json\/wp\/v2\/product_tag?post=611"}],"curies":[{"name":"wp","href":"https:\/\/api.w.org\/{rel}","templated":true}]}}