{"id":603,"date":"2025-08-16T02:14:14","date_gmt":"2025-08-16T05:14:14","guid":{"rendered":"https:\/\/design.projetoshr.com.br\/loja-pop\/?post_type=product&#038;p=603"},"modified":"2025-08-16T02:14:46","modified_gmt":"2025-08-16T05:14:46","slug":"fone-de-ouvido-bluetooth-earbud-philips-tws-tat1209bk-00-com-microfone-com-case-carregador-preto","status":"publish","type":"product","link":"https:\/\/design.projetoshr.com.br\/loja-pop\/produto\/fone-de-ouvido-bluetooth-earbud-philips-tws-tat1209bk-00-com-microfone-com-case-carregador-preto\/","title":{"rendered":"Fone de Ouvido Bluetooth Earbud Philips TWS TAT1209BK\/00 &#8211; com Microfone &#8211; com Case Carregador &#8211; Preto"},"content":{"rendered":"<h2>\ud83d\udca1\ufe0f O que o Fone de Ouvido Bluetooth Philips TAT1209BK\/00 pode fazer por voc\u00ea? \ud83e\udd29\ufe0f<\/h2>\n<p>\ud83c\udfa7\ufe0f\u00a0<strong>Liberdade Total Sem Fios:<\/strong>\u00a0Desfrute de suas m\u00fasicas, podcasts e chamadas sem o inc\u00f4modo de cabos, gra\u00e7as \u00e0 tecnologia True Wireless.<\/p>\n<p>\ud83c\udfb6\ufe0f\u00a0<strong>Graves Potentes e Som N\u00edtido:<\/strong>\u00a0Sinta a batida com o Dynamic Bass Boost e aprecie um \u00e1udio claro e equilibrado com drivers de 10mm.<\/p>\n<p>\ud83d\udcde\ufe0f\u00a0<strong>Chamadas Claras em Qualquer Lugar:<\/strong>\u00a0Comunique-se com clareza, pois o microfone com redu\u00e7\u00e3o de ru\u00eddo por IA minimiza os sons de fundo.<\/p>\n<p>\ud83d\udd0b\ufe0f\u00a0<strong>Energia para o Dia Todo:<\/strong>\u00a0Conte com at\u00e9 6 horas de reprodu\u00e7\u00e3o nos fones e mais 12 horas com o estojo de carregamento compacto, totalizando 18 horas de autonomia.<\/p>\n<p>\ud83c\udfc3\ufe0f\u00a0<strong>Resist\u00eancia para Sua Rotina:<\/strong>\u00a0Leve-os para treinar ou enfrente uma chuva leve sem preocupa\u00e7\u00f5es, gra\u00e7as \u00e0 classifica\u00e7\u00e3o IPX4 de resist\u00eancia a salpicos e suor.<\/p>\n<p>\ud83d\udc42\ufe0f\u00a0<strong>Conforto Personalizado e Controle F\u00e1cil:<\/strong>\u00a0Encontre o ajuste perfeito com 3 tamanhos de borrachas de silicone e gerencie tudo com simples toques nos fones.<\/p>\n","protected":false},"excerpt":{"rendered":"<p>\ud83d\udca1\ufe0f O que o Fone de Ouvido Bluetooth Philips TAT1209BK\/00 pode fazer por voc\u00ea? \ud83e\udd29\ufe0f \ud83c\udfa7\ufe0f\u00a0Liberdade Total Sem Fios:\u00a0Desfrute de suas m\u00fasicas, podcasts e chamadas sem o inc\u00f4modo de cabos, gra\u00e7as \u00e0 tecnologia True Wireless. \ud83c\udfb6\ufe0f\u00a0Graves Potentes e Som N\u00edtido:\u00a0Sinta a batida com o Dynamic Bass Boost e aprecie um \u00e1udio claro e equilibrado com [&hellip;]<\/p>\n","protected":false},"featured_media":609,"comment_status":"open","ping_status":"closed","template":"","meta":[],"product_brand":[],"product_cat":[36],"product_tag":[],"class_list":{"0":"post-603","1":"product","2":"type-product","3":"status-publish","4":"has-post-thumbnail","6":"product_cat-fones","8":"first","9":"instock","10":"shipping-taxable","11":"purchasable","12":"product-type-simple"},"_links":{"self":[{"href":"https:\/\/design.projetoshr.com.br\/loja-pop\/wp-json\/wp\/v2\/product\/603","targetHints":{"allow":["GET"]}}],"collection":[{"href":"https:\/\/design.projetoshr.com.br\/loja-pop\/wp-json\/wp\/v2\/product"}],"about":[{"href":"https:\/\/design.projetoshr.com.br\/loja-pop\/wp-json\/wp\/v2\/types\/product"}],"replies":[{"embeddable":true,"href":"https:\/\/design.projetoshr.com.br\/loja-pop\/wp-json\/wp\/v2\/comments?post=603"}],"wp:featuredmedia":[{"embeddable":true,"href":"https:\/\/design.projetoshr.com.br\/loja-pop\/wp-json\/wp\/v2\/media\/609"}],"wp:attachment":[{"href":"https:\/\/design.projetoshr.com.br\/loja-pop\/wp-json\/wp\/v2\/media?parent=603"}],"wp:term":[{"taxonomy":"product_brand","embeddable":true,"href":"https:\/\/design.projetoshr.com.br\/loja-pop\/wp-json\/wp\/v2\/product_brand?post=603"},{"taxonomy":"product_cat","embeddable":true,"href":"https:\/\/design.projetoshr.com.br\/loja-pop\/wp-json\/wp\/v2\/product_cat?post=603"},{"taxonomy":"product_tag","embeddable":true,"href":"https:\/\/design.projetoshr.com.br\/loja-pop\/wp-json\/wp\/v2\/product_tag?post=603"}],"curies":[{"name":"wp","href":"https:\/\/api.w.org\/{rel}","templated":true}]}}