{"id":16,"date":"2025-08-13T18:44:55","date_gmt":"2025-08-13T21:44:55","guid":{"rendered":"https:\/\/design.projetoshr.com.br\/loja-pop\/?page_id=16"},"modified":"2025-08-14T07:33:48","modified_gmt":"2025-08-14T10:33:48","slug":"reembolso_devolucoes","status":"publish","type":"page","link":"https:\/\/design.projetoshr.com.br\/loja-pop\/reembolso_devolucoes\/","title":{"rendered":"Pol\u00edtica de reembolso e devolu\u00e7\u00f5es"},"content":{"rendered":"\t\t<div data-elementor-type=\"wp-page\" data-elementor-id=\"16\" class=\"elementor elementor-16\" data-elementor-post-type=\"page\">\n\t\t\t\t<div class=\"elementor-element elementor-element-d7bb789 e-flex e-con-boxed e-con e-parent\" data-id=\"d7bb789\" data-element_type=\"container\" data-e-type=\"container\" data-settings=\"{&quot;background_background&quot;:&quot;classic&quot;}\">\n\t\t\t\t\t<div class=\"e-con-inner\">\n\t\t\t\t<div class=\"elementor-element elementor-element-8745e42 elementor-widget elementor-widget-text-editor\" data-id=\"8745e42\" data-element_type=\"widget\" data-e-type=\"widget\" data-widget_type=\"text-editor.default\">\n\t\t\t\t\t\t\t\t\t\n<p data-start=\"182\" data-end=\"244\"><strong data-start=\"182\" data-end=\"242\">Pol\u00edticas de Entregas, Devolu\u00e7\u00e3o e Reembolso \u2013 Zoom Shop<\/strong><\/p>\n<p data-start=\"246\" data-end=\"267\">Prezada(o) cliente,<\/p>\n<p data-start=\"269\" data-end=\"617\">A Zoom Shop se dedica a proporcionar uma experi\u00eancia de compra completa e satisfat\u00f3ria, desde a escolha do produto at\u00e9 a entrega em sua casa. Para garantir que voc\u00ea receba seu pedido com seguran\u00e7a, agilidade e tenha total tranquilidade em caso de necessidade de devolu\u00e7\u00e3o ou reembolso, elaboramos esta Pol\u00edtica de Entregas, Devolu\u00e7\u00e3o e Reembolso.<\/p>\n<ol data-start=\"619\" data-end=\"645\">\n<li data-start=\"619\" data-end=\"645\">\n<p data-start=\"622\" data-end=\"645\"><strong data-start=\"622\" data-end=\"642\">Prazo de Entrega<\/strong>:<\/p>\n<\/li>\n<\/ol>\n<p data-start=\"647\" data-end=\"708\">O prazo de entrega do seu pedido \u00e9 dividido em duas etapas:<\/p>\n<p data-start=\"710\" data-end=\"879\"><strong data-start=\"710\" data-end=\"743\">Prazo de Separa\u00e7\u00e3o e Postagem<\/strong>:<br data-start=\"744\" data-end=\"747\" \/>Ap\u00f3s a confirma\u00e7\u00e3o do pagamento, seu pedido ser\u00e1 processado e separado em at\u00e9 2 dias \u00fateis. Em seguida, ser\u00e1 postado nos Correios.<\/p>\n<p data-start=\"881\" data-end=\"1186\"><strong data-start=\"881\" data-end=\"904\">Prazo de Transporte<\/strong>:<br data-start=\"905\" data-end=\"908\" \/>O prazo de transporte varia de acordo com a sua localiza\u00e7\u00e3o e o m\u00e9todo de envio escolhido no momento da compra. Voc\u00ea pode calcular o prazo de entrega diretamente no site dos Correios, utilizando o c\u00f3digo de rastreamento que enviaremos por e-mail ap\u00f3s a postagem do seu pedido.<\/p>\n<ol start=\"2\" data-start=\"1188\" data-end=\"1214\">\n<li data-start=\"1188\" data-end=\"1214\">\n<p data-start=\"1191\" data-end=\"1214\"><strong data-start=\"1191\" data-end=\"1211\">M\u00e9todos de Envio<\/strong>:<\/p>\n<\/li>\n<\/ol>\n<p data-start=\"1216\" data-end=\"1300\">A Zoom Shop oferece diferentes m\u00e9todos de envio para atender \u00e0s suas necessidades:<\/p>\n<ul data-start=\"1302\" data-end=\"1467\">\n<li data-start=\"1302\" data-end=\"1385\">\n<p data-start=\"1304\" data-end=\"1385\"><strong data-start=\"1304\" data-end=\"1311\">PAC<\/strong>: Envio mais econ\u00f4mico, com prazo de entrega m\u00e9dio de 5 a 10 dias \u00fateis.<\/p>\n<\/li>\n<li data-start=\"1386\" data-end=\"1467\">\n<p data-start=\"1388\" data-end=\"1467\"><strong data-start=\"1388\" data-end=\"1397\">SEDEX<\/strong>: Envio mais r\u00e1pido, com prazo de entrega m\u00e9dio de 1 a 3 dias \u00fateis.<\/p>\n<\/li>\n<\/ul>\n<ol start=\"3\" data-start=\"1469\" data-end=\"1501\">\n<li data-start=\"1469\" data-end=\"1501\">\n<p data-start=\"1472\" data-end=\"1501\"><strong data-start=\"1472\" data-end=\"1498\">Rastreamento do Pedido<\/strong>:<\/p>\n<\/li>\n<\/ol>\n<p data-start=\"1503\" data-end=\"1660\">Ap\u00f3s a postagem do seu pedido, voc\u00ea receber\u00e1 um e-mail com o c\u00f3digo de rastreamento para acompanhar o status da entrega em tempo real no site dos Correios.<\/p>\n<ol start=\"4\" data-start=\"1662\" data-end=\"1701\">\n<li data-start=\"1662\" data-end=\"1701\">\n<p data-start=\"1665\" data-end=\"1701\"><strong data-start=\"1665\" data-end=\"1698\">Dicas para Agilizar a Entrega<\/strong>:<\/p>\n<\/li>\n<\/ol>\n<ul data-start=\"1703\" data-end=\"2071\">\n<li data-start=\"1703\" data-end=\"1812\">\n<p data-start=\"1705\" data-end=\"1812\"><strong data-start=\"1705\" data-end=\"1739\">Confirme seus dados cadastrais<\/strong>: Certifique-se de que o endere\u00e7o de entrega esteja correto e completo.<\/p>\n<\/li>\n<li data-start=\"1813\" data-end=\"1950\">\n<p data-start=\"1815\" data-end=\"1950\"><strong data-start=\"1815\" data-end=\"1856\">Fique atento ao e-mail de confirma\u00e7\u00e3o<\/strong>: Verifique se o m\u00e9todo de envio e o prazo de entrega est\u00e3o de acordo com suas expectativas.<\/p>\n<\/li>\n<li data-start=\"1951\" data-end=\"2071\">\n<p data-start=\"1953\" data-end=\"2071\"><strong data-start=\"1953\" data-end=\"1981\">Acompanhe o rastreamento<\/strong>: Utilize o c\u00f3digo de rastreamento para acompanhar o status da entrega e evitar atrasos.<\/p>\n<\/li>\n<\/ul>\n<ol start=\"5\" data-start=\"2073\" data-end=\"2100\">\n<li data-start=\"2073\" data-end=\"2100\">\n<p data-start=\"2076\" data-end=\"2100\"><strong data-start=\"2076\" data-end=\"2097\">Atraso na Entrega<\/strong>:<\/p>\n<\/li>\n<\/ol>\n<p data-start=\"2102\" data-end=\"2144\">Em caso de atraso na entrega, voc\u00ea pode:<\/p>\n<ul data-start=\"2146\" data-end=\"2472\">\n<li data-start=\"2146\" data-end=\"2319\">\n<p data-start=\"2148\" data-end=\"2319\">Acessar o site dos Correios: Utilize o c\u00f3digo de rastreamento para verificar a causa do atraso e entrar em contato com os Correios para solicitar informa\u00e7\u00f5es adicionais.<\/p>\n<\/li>\n<li data-start=\"2320\" data-end=\"2472\">\n<p data-start=\"2322\" data-end=\"2472\">Contatar a Zoom Shop: Entre em contato conosco atrav\u00e9s do nosso canal de atendimento ao cliente para que possamos verificar a situa\u00e7\u00e3o e auxili\u00e1-lo.<\/p>\n<\/li>\n<\/ul>\n<ol start=\"6\" data-start=\"2474\" data-end=\"2512\">\n<li data-start=\"2474\" data-end=\"2512\">\n<p data-start=\"2477\" data-end=\"2512\"><strong data-start=\"2477\" data-end=\"2509\">Aus\u00eancia no Local de Entrega<\/strong>:<\/p>\n<\/li>\n<\/ol>\n<p data-start=\"2514\" data-end=\"2726\">Em caso de aus\u00eancia no local de entrega no momento da tentativa de entrega, os Correios far\u00e3o mais duas tentativas em dias subsequentes. Caso n\u00e3o seja poss\u00edvel entregar o pedido, ele ser\u00e1 devolvido \u00e0 Zoom Shop.<\/p>\n<ol start=\"7\" data-start=\"2728\" data-end=\"2771\">\n<li data-start=\"2728\" data-end=\"2771\">\n<p data-start=\"2731\" data-end=\"2771\"><strong data-start=\"2731\" data-end=\"2768\">Extravio ou Danifica\u00e7\u00e3o do Pedido<\/strong>:<\/p>\n<\/li>\n<\/ol>\n<p data-start=\"2773\" data-end=\"3068\">Em caso de extravio ou danifica\u00e7\u00e3o do produto durante o transporte, a Zoom Shop se responsabiliza por solucionar o problema e garantir a sua satisfa\u00e7\u00e3o. Entre em contato conosco atrav\u00e9s do nosso canal de atendimento ao cliente para que possamos analisar a situa\u00e7\u00e3o e tomar as medidas cab\u00edveis.<\/p>\n<ol start=\"8\" data-start=\"3070\" data-end=\"3101\">\n<li data-start=\"3070\" data-end=\"3101\">\n<p data-start=\"3073\" data-end=\"3101\"><strong data-start=\"3073\" data-end=\"3098\">Pol\u00edtica de Devolu\u00e7\u00e3o<\/strong>:<\/p>\n<\/li>\n<\/ol>\n<p data-start=\"3103\" data-end=\"3280\">A Zoom Shop garante o direito de devolu\u00e7\u00e3o do produto em at\u00e9 7 (sete) dias corridos ap\u00f3s o recebimento, sem \u00f4nus adicional, desde que estejam atendidas as seguintes condi\u00e7\u00f5es:<\/p>\n<ul data-start=\"3282\" data-end=\"3592\">\n<li data-start=\"3282\" data-end=\"3360\">\n<p data-start=\"3284\" data-end=\"3360\">O produto deve estar na embalagem original, sem sinais de uso ou viola\u00e7\u00e3o;<\/p>\n<\/li>\n<li data-start=\"3361\" data-end=\"3463\">\n<p data-start=\"3363\" data-end=\"3463\">O produto deve estar acompanhado de todos os acess\u00f3rios e itens que acompanham o produto original;<\/p>\n<\/li>\n<li data-start=\"3464\" data-end=\"3528\">\n<p data-start=\"3466\" data-end=\"3528\">O produto n\u00e3o pode ter sido utilizado, lavado ou consertado;<\/p>\n<\/li>\n<li data-start=\"3529\" data-end=\"3592\">\n<p data-start=\"3531\" data-end=\"3592\">O produto deve ter a nota fiscal ou cupom fiscal da compra.<\/p>\n<\/li>\n<\/ul>\n<ol start=\"9\" data-start=\"3594\" data-end=\"3625\">\n<li data-start=\"3594\" data-end=\"3625\">\n<p data-start=\"3597\" data-end=\"3625\"><strong data-start=\"3597\" data-end=\"3622\">Pol\u00edtica de Reembolso<\/strong>:<\/p>\n<\/li>\n<\/ol>\n<p data-start=\"3627\" data-end=\"3701\">O reembolso do valor pago pelo produto ser\u00e1 realizado da seguinte forma:<\/p>\n<ul data-start=\"3703\" data-end=\"4000\">\n<li data-start=\"3703\" data-end=\"3862\">\n<p data-start=\"3705\" data-end=\"3862\"><strong data-start=\"3705\" data-end=\"3726\">Cart\u00e3o de cr\u00e9dito<\/strong>: O estorno ser\u00e1 feito diretamente no cart\u00e3o de cr\u00e9dito utilizado na compra, em at\u00e9 7 (sete) dias \u00fateis ap\u00f3s a aprova\u00e7\u00e3o da devolu\u00e7\u00e3o.<\/p>\n<\/li>\n<li data-start=\"3863\" data-end=\"4000\">\n<p data-start=\"3865\" data-end=\"4000\"><strong data-start=\"3865\" data-end=\"3884\">Boleto banc\u00e1rio<\/strong>: O reembolso ser\u00e1 realizado por transfer\u00eancia banc\u00e1ria, em at\u00e9 7 (sete) dias \u00fateis ap\u00f3s a aprova\u00e7\u00e3o da devolu\u00e7\u00e3o.<\/p>\n<\/li>\n<\/ul>\n<ol start=\"10\" data-start=\"4002\" data-end=\"4020\">\n<li data-start=\"4002\" data-end=\"4020\">\n<p data-start=\"4006\" data-end=\"4020\"><strong data-start=\"4006\" data-end=\"4017\">Contato<\/strong>:<\/p>\n<\/li>\n<\/ol>\n<p data-start=\"4022\" data-end=\"4173\">Para d\u00favidas, sugest\u00f5es, reclama\u00e7\u00f5es ou para solicitar a devolu\u00e7\u00e3o ou reembolso de um produto, entre em contato conosco atrav\u00e9s dos seguintes canais:<\/p>\n<p data-start=\"4022\" data-end=\"4173\">Telefone: (11) 9 9999-9999<\/p>\n<ol start=\"11\" data-start=\"4237\" data-end=\"4268\">\n<li data-start=\"4237\" data-end=\"4268\">\n<p data-start=\"4241\" data-end=\"4268\"><strong data-start=\"4241\" data-end=\"4265\">Considera\u00e7\u00f5es Finais<\/strong>:<\/p>\n<\/li>\n<\/ol>\n<p data-start=\"4270\" data-end=\"4536\">A Zoom Shop se esfor\u00e7a para garantir que voc\u00ea receba seu pedido dentro do prazo previsto e que tenha uma experi\u00eancia de compra agrad\u00e1vel. No entanto, fatores externos como greves, condi\u00e7\u00f5es clim\u00e1ticas adversas, entre outros, podem influenciar os prazos de entrega.<\/p>\t\t\t\t\t\t\t\t<\/div>\n\t\t\t\t\t<\/div>\n\t\t\t\t<\/div>\n\t\t\t\t<\/div>\n\t\t","protected":false},"excerpt":{"rendered":"<p>Pol\u00edticas de Entregas, Devolu\u00e7\u00e3o e Reembolso \u2013 Zoom Shop Prezada(o) cliente, A Zoom Shop se dedica a proporcionar uma experi\u00eancia de compra completa e satisfat\u00f3ria, desde a escolha do produto at\u00e9 a entrega em sua casa. Para garantir que voc\u00ea receba seu pedido com seguran\u00e7a, agilidade e tenha total tranquilidade em caso de necessidade de [&hellip;]<\/p>\n","protected":false},"author":1,"featured_media":0,"parent":0,"menu_order":0,"comment_status":"closed","ping_status":"closed","template":"elementor_header_footer","meta":{"footnotes":""},"class_list":["post-16","page","type-page","status-publish","hentry"],"_links":{"self":[{"href":"https:\/\/design.projetoshr.com.br\/loja-pop\/wp-json\/wp\/v2\/pages\/16","targetHints":{"allow":["GET"]}}],"collection":[{"href":"https:\/\/design.projetoshr.com.br\/loja-pop\/wp-json\/wp\/v2\/pages"}],"about":[{"href":"https:\/\/design.projetoshr.com.br\/loja-pop\/wp-json\/wp\/v2\/types\/page"}],"author":[{"embeddable":true,"href":"https:\/\/design.projetoshr.com.br\/loja-pop\/wp-json\/wp\/v2\/users\/1"}],"replies":[{"embeddable":true,"href":"https:\/\/design.projetoshr.com.br\/loja-pop\/wp-json\/wp\/v2\/comments?post=16"}],"version-history":[{"count":4,"href":"https:\/\/design.projetoshr.com.br\/loja-pop\/wp-json\/wp\/v2\/pages\/16\/revisions"}],"predecessor-version":[{"id":547,"href":"https:\/\/design.projetoshr.com.br\/loja-pop\/wp-json\/wp\/v2\/pages\/16\/revisions\/547"}],"wp:attachment":[{"href":"https:\/\/design.projetoshr.com.br\/loja-pop\/wp-json\/wp\/v2\/media?parent=16"}],"curies":[{"name":"wp","href":"https:\/\/api.w.org\/{rel}","templated":true}]}}