{"id":997,"date":"2025-10-31T18:25:37","date_gmt":"2025-10-31T21:25:37","guid":{"rendered":"https:\/\/design.projetoshr.com.br\/invctum\/?post_type=product&#038;p=997"},"modified":"2025-10-31T18:35:37","modified_gmt":"2025-10-31T21:35:37","slug":"kit-casal-luxo-economia%f0%9f%92%8e-rlx-masculino-e-feminino","status":"publish","type":"product","link":"https:\/\/design.projetoshr.com.br\/invctum\/produto\/kit-casal-luxo-economia%f0%9f%92%8e-rlx-masculino-e-feminino\/","title":{"rendered":"KIT CASAL LUXO ECONOMIA\ud83d\udc8e RLX Masculino e Feminino"},"content":{"rendered":"<p><strong>\ud83d\udd25 KIT CASAL LUXO TOTAL ECONOMIA BRUTA<br \/>\n<\/strong><\/p>\n<p>Descri\u00e7\u00e3o Rel\u00f3gio Masculino<\/p>\n<p>\u2728\u00a0<strong>Rel\u00f3gio Extremamente Luxuoso<\/strong><br \/>\n<strong>\u2728Pulseira Dourada em a\u00e7o inox<\/strong><br \/>\n<strong>\u2728Prova D\u2019\u00e1gua at\u00e9 5m (Mar e Piscina a vontade)<br \/>\n\u2728Altura da Caixaria \u2013 42mm<br \/>\n\u2728Calend\u00e1rio<br \/>\n\u2728Peso: 150g<br \/>\n\u2728 Acompanha Caixa Simples<\/strong><\/p>\n<p><strong>Descri\u00e7\u00e3o Rel\u00f3gio Feminino<\/strong><\/p>\n<p>\u2728\u00a0<strong>Rel\u00f3gio Minimalista Luxuoso ao Extremo<\/strong><br \/>\n<strong>\u2728Pulseira Dourada em a\u00e7o inox<\/strong><br \/>\n<strong>\u2728Prova D\u2019\u00e1gua at\u00e9 5m (Mar e Piscina a vontade)<br \/>\n\u2728Altura da Caixaria \u2013 28mm<br \/>\n\u2728Calend\u00e1rio<br \/>\n\u2728Peso: 120g<\/strong><\/p>\n<p><strong>\ud83d\ude9a FRETE GR\u00c1TIS PARA TODO O BRASIL<\/strong><\/p>\n<p>Agradecemos demais a confian\u00e7a. Deus Aben\u00e7oe.<\/p>\n","protected":false},"excerpt":{"rendered":"<p>\ud83d\udd25 KIT CASAL LUXO TOTAL ECONOMIA BRUTA Descri\u00e7\u00e3o Rel\u00f3gio Masculino \u2728\u00a0Rel\u00f3gio Extremamente Luxuoso \u2728Pulseira Dourada em a\u00e7o inox \u2728Prova D\u2019\u00e1gua at\u00e9 5m (Mar e Piscina a vontade) \u2728Altura da Caixaria \u2013 42mm \u2728Calend\u00e1rio \u2728Peso: 150g \u2728 Acompanha Caixa Simples Descri\u00e7\u00e3o Rel\u00f3gio Feminino \u2728\u00a0Rel\u00f3gio Minimalista Luxuoso ao Extremo \u2728Pulseira Dourada em a\u00e7o inox \u2728Prova D\u2019\u00e1gua at\u00e9 [&hellip;]<\/p>\n","protected":false},"featured_media":998,"comment_status":"open","ping_status":"closed","template":"","meta":[],"product_brand":[],"product_cat":[43,40,15],"product_tag":[],"class_list":{"0":"post-997","1":"product","2":"type-product","3":"status-publish","4":"has-post-thumbnail","6":"product_cat-feminino","7":"product_cat-novidades","8":"product_cat-ofertas","10":"first","11":"instock","12":"sale","13":"shipping-taxable","14":"purchasable","15":"product-type-simple"},"_links":{"self":[{"href":"https:\/\/design.projetoshr.com.br\/invctum\/wp-json\/wp\/v2\/product\/997","targetHints":{"allow":["GET"]}}],"collection":[{"href":"https:\/\/design.projetoshr.com.br\/invctum\/wp-json\/wp\/v2\/product"}],"about":[{"href":"https:\/\/design.projetoshr.com.br\/invctum\/wp-json\/wp\/v2\/types\/product"}],"replies":[{"embeddable":true,"href":"https:\/\/design.projetoshr.com.br\/invctum\/wp-json\/wp\/v2\/comments?post=997"}],"wp:featuredmedia":[{"embeddable":true,"href":"https:\/\/design.projetoshr.com.br\/invctum\/wp-json\/wp\/v2\/media\/998"}],"wp:attachment":[{"href":"https:\/\/design.projetoshr.com.br\/invctum\/wp-json\/wp\/v2\/media?parent=997"}],"wp:term":[{"taxonomy":"product_brand","embeddable":true,"href":"https:\/\/design.projetoshr.com.br\/invctum\/wp-json\/wp\/v2\/product_brand?post=997"},{"taxonomy":"product_cat","embeddable":true,"href":"https:\/\/design.projetoshr.com.br\/invctum\/wp-json\/wp\/v2\/product_cat?post=997"},{"taxonomy":"product_tag","embeddable":true,"href":"https:\/\/design.projetoshr.com.br\/invctum\/wp-json\/wp\/v2\/product_tag?post=997"}],"curies":[{"name":"wp","href":"https:\/\/api.w.org\/{rel}","templated":true}]}}