{"id":1007,"date":"2025-10-31T18:32:59","date_gmt":"2025-10-31T21:32:59","guid":{"rendered":"https:\/\/design.projetoshr.com.br\/invctum\/?post_type=product&#038;p=1007"},"modified":"2025-11-01T19:57:46","modified_gmt":"2025-11-01T22:57:46","slug":"relogio-bollfendo-1x-relogio-feminino-pedraria","status":"publish","type":"product","link":"https:\/\/design.projetoshr.com.br\/invctum\/produto\/relogio-bollfendo-1x-relogio-feminino-pedraria\/","title":{"rendered":"Rel\u00f3gio Bollfendo + 1x Rel\u00f3gio Feminino Pedraria"},"content":{"rendered":"<p>\u2728\u00a0<strong>Rel\u00f3gio de caixaria larga<\/strong><br \/>\n<strong>\u2728Pulseira em a\u00e7o<\/strong><br \/>\n<strong>\u2728Resistente a \u00e1gua (Rel\u00f3gio recomendado para ser utilizado com roupas elegantes e n\u00e3o na \u00e1gua)<\/strong><br \/>\n<strong>\u2728Altura da Caixaria \u2013 28mm<\/strong><br \/>\n<strong>\u2728Peso: 120g<br \/>\n\u2728 Acompanha Caixa Simples<\/strong><\/p>\n<p><strong>Descri\u00e7\u00e3o rel\u00f3gio Feminino<\/strong><\/p>\n<p><strong>\u2728 Rel\u00f3gio modelo minimalista Pedraria<\/strong><br \/>\n<strong>\u2728Pulseira em a\u00e7o<\/strong><br \/>\n<strong>\u2728Altura da Caixaria \u2013 20mm<\/strong><br \/>\n<strong>\u2728Peso: 80g<\/strong><br \/>\n<strong>\u2728 Acompanha Caixa Simples<br \/>\n\u2728Resistente a \u00e1gua (Rel\u00f3gio recomendado para ser utilizado com roupas elegantes e n\u00e3o na \u00e1gua)<br \/>\n<\/strong><\/p>\n<p><strong>\ud83d\ude9a FRETE GR\u00c1TIS PARA TODO O BRASIL<\/strong><\/p>\n","protected":false},"excerpt":{"rendered":"<p>\u2728\u00a0Rel\u00f3gio de caixaria larga \u2728Pulseira em a\u00e7o \u2728Resistente a \u00e1gua (Rel\u00f3gio recomendado para ser utilizado com roupas elegantes e n\u00e3o na \u00e1gua) \u2728Altura da Caixaria \u2013 28mm \u2728Peso: 120g \u2728 Acompanha Caixa Simples Descri\u00e7\u00e3o rel\u00f3gio Feminino \u2728 Rel\u00f3gio modelo minimalista Pedraria \u2728Pulseira em a\u00e7o \u2728Altura da Caixaria \u2013 20mm \u2728Peso: 80g \u2728 Acompanha Caixa Simples [&hellip;]<\/p>\n","protected":false},"featured_media":1008,"comment_status":"open","ping_status":"closed","template":"","meta":[],"product_brand":[],"product_cat":[43,40,15],"product_tag":[],"class_list":{"0":"post-1007","1":"product","2":"type-product","3":"status-publish","4":"has-post-thumbnail","6":"product_cat-feminino","7":"product_cat-novidades","8":"product_cat-ofertas","10":"first","11":"instock","12":"sale","13":"shipping-taxable","14":"purchasable","15":"product-type-simple"},"_links":{"self":[{"href":"https:\/\/design.projetoshr.com.br\/invctum\/wp-json\/wp\/v2\/product\/1007","targetHints":{"allow":["GET"]}}],"collection":[{"href":"https:\/\/design.projetoshr.com.br\/invctum\/wp-json\/wp\/v2\/product"}],"about":[{"href":"https:\/\/design.projetoshr.com.br\/invctum\/wp-json\/wp\/v2\/types\/product"}],"replies":[{"embeddable":true,"href":"https:\/\/design.projetoshr.com.br\/invctum\/wp-json\/wp\/v2\/comments?post=1007"}],"wp:featuredmedia":[{"embeddable":true,"href":"https:\/\/design.projetoshr.com.br\/invctum\/wp-json\/wp\/v2\/media\/1008"}],"wp:attachment":[{"href":"https:\/\/design.projetoshr.com.br\/invctum\/wp-json\/wp\/v2\/media?parent=1007"}],"wp:term":[{"taxonomy":"product_brand","embeddable":true,"href":"https:\/\/design.projetoshr.com.br\/invctum\/wp-json\/wp\/v2\/product_brand?post=1007"},{"taxonomy":"product_cat","embeddable":true,"href":"https:\/\/design.projetoshr.com.br\/invctum\/wp-json\/wp\/v2\/product_cat?post=1007"},{"taxonomy":"product_tag","embeddable":true,"href":"https:\/\/design.projetoshr.com.br\/invctum\/wp-json\/wp\/v2\/product_tag?post=1007"}],"curies":[{"name":"wp","href":"https:\/\/api.w.org\/{rel}","templated":true}]}}