{"id":1004,"date":"2025-10-31T18:28:43","date_gmt":"2025-10-31T21:28:43","guid":{"rendered":"https:\/\/design.projetoshr.com.br\/invctum\/?post_type=product&#038;p=1004"},"modified":"2025-11-01T19:59:36","modified_gmt":"2025-11-01T22:59:36","slug":"invicta-venom-banhado-1x-relogio-feminino","status":"publish","type":"product","link":"https:\/\/design.projetoshr.com.br\/invctum\/produto\/invicta-venom-banhado-1x-relogio-feminino\/","title":{"rendered":"Invicta Venom Banhado + 1x Rel\u00f3gio Feminino (oportunidade)"},"content":{"rendered":"<p><strong>\ud83d\udd25 \u00daLTIMAS UNIDADES<br \/>\n<\/strong><\/p>\n<p>Descri\u00e7\u00e3o rel\u00f3gio Invicta Venom Banhado<\/p>\n<p>\u2728\u00a0<strong>Rel\u00f3gio Robusto de caixaria alta<\/strong><br \/>\n<strong>\u2728Pulseira em a\u00e7o Inoxid\u00e1vel \u2013 Banhado<\/strong><br \/>\n<strong>\u2728Prova D\u2019\u00e1gua \/ Resistente (Pode Nadar Mar e Piscina At\u00e9 5atm)<\/strong><br \/>\n<strong>\u2728Altura da Caixaria \u2013 58mm<\/strong><br \/>\n<strong>\u2728Peso: 350g<br \/>\n\u2728 Acompanham Caixa Simples da Invicta<\/strong><\/p>\n<p><strong>Descri\u00e7\u00e3o rel\u00f3gio Feminino<\/strong><\/p>\n<p><strong>\u2728 Rel\u00f3gio modelo minimalista<\/strong><br \/>\n<strong>\u2728Pulseira em a\u00e7o Inox<\/strong><br \/>\n<strong>\u2728Altura da Caixaria \u2013 26mm<\/strong><br \/>\n<strong>\u2728Peso: 120g<\/strong><br \/>\n<strong>\u2728 Acompanham Caixa Simples<\/strong><\/p>\n<p><strong>\ud83d\ude9a FRETE GR\u00c1TIS PARA TODO O BRASIL<\/strong><\/p>\n","protected":false},"excerpt":{"rendered":"<p>\ud83d\udd25 \u00daLTIMAS UNIDADES Descri\u00e7\u00e3o rel\u00f3gio Invicta Venom Banhado \u2728\u00a0Rel\u00f3gio Robusto de caixaria alta \u2728Pulseira em a\u00e7o Inoxid\u00e1vel \u2013 Banhado \u2728Prova D\u2019\u00e1gua \/ Resistente (Pode Nadar Mar e Piscina At\u00e9 5atm) \u2728Altura da Caixaria \u2013 58mm \u2728Peso: 350g \u2728 Acompanham Caixa Simples da Invicta Descri\u00e7\u00e3o rel\u00f3gio Feminino \u2728 Rel\u00f3gio modelo minimalista \u2728Pulseira em a\u00e7o Inox \u2728Altura [&hellip;]<\/p>\n","protected":false},"featured_media":1005,"comment_status":"open","ping_status":"closed","template":"","meta":[],"product_brand":[],"product_cat":[43,40,15],"product_tag":[],"class_list":{"0":"post-1004","1":"product","2":"type-product","3":"status-publish","4":"has-post-thumbnail","6":"product_cat-feminino","7":"product_cat-novidades","8":"product_cat-ofertas","10":"first","11":"instock","12":"sale","13":"shipping-taxable","14":"purchasable","15":"product-type-simple"},"_links":{"self":[{"href":"https:\/\/design.projetoshr.com.br\/invctum\/wp-json\/wp\/v2\/product\/1004","targetHints":{"allow":["GET"]}}],"collection":[{"href":"https:\/\/design.projetoshr.com.br\/invctum\/wp-json\/wp\/v2\/product"}],"about":[{"href":"https:\/\/design.projetoshr.com.br\/invctum\/wp-json\/wp\/v2\/types\/product"}],"replies":[{"embeddable":true,"href":"https:\/\/design.projetoshr.com.br\/invctum\/wp-json\/wp\/v2\/comments?post=1004"}],"wp:featuredmedia":[{"embeddable":true,"href":"https:\/\/design.projetoshr.com.br\/invctum\/wp-json\/wp\/v2\/media\/1005"}],"wp:attachment":[{"href":"https:\/\/design.projetoshr.com.br\/invctum\/wp-json\/wp\/v2\/media?parent=1004"}],"wp:term":[{"taxonomy":"product_brand","embeddable":true,"href":"https:\/\/design.projetoshr.com.br\/invctum\/wp-json\/wp\/v2\/product_brand?post=1004"},{"taxonomy":"product_cat","embeddable":true,"href":"https:\/\/design.projetoshr.com.br\/invctum\/wp-json\/wp\/v2\/product_cat?post=1004"},{"taxonomy":"product_tag","embeddable":true,"href":"https:\/\/design.projetoshr.com.br\/invctum\/wp-json\/wp\/v2\/product_tag?post=1004"}],"curies":[{"name":"wp","href":"https:\/\/api.w.org\/{rel}","templated":true}]}}