{"id":1001,"date":"2025-10-31T18:27:16","date_gmt":"2025-10-31T21:27:16","guid":{"rendered":"https:\/\/design.projetoshr.com.br\/invctum\/?post_type=product&#038;p=1001"},"modified":"2025-10-31T18:35:33","modified_gmt":"2025-10-31T21:35:33","slug":"invicta-thunderbolt-masculino-e-invicta-zeus-bolt-skeleton-feminino","status":"publish","type":"product","link":"https:\/\/design.projetoshr.com.br\/invctum\/produto\/invicta-thunderbolt-masculino-e-invicta-zeus-bolt-skeleton-feminino\/","title":{"rendered":"Invicta Thunderbolt Masculino e Invicta Zeus Bolt Skeleton Feminino"},"content":{"rendered":"<p><strong>\ud83d\udd25 KIT CASAL LUXO TOTAL<br \/>\n<\/strong><\/p>\n<p>Descri\u00e7\u00e3o rel\u00f3gio Invicta Thunderbolt<\/p>\n<p>\u2728\u00a0<strong>Rel\u00f3gio Robusto de caixaria alta<\/strong><br \/>\n<strong>\u2728Pulseira Dourada em a\u00e7o inox<\/strong><br \/>\n<strong>\u2728Prova D\u2019\u00e1gua at\u00e9 5m (Mar e Piscina a vontade)<br \/>\n\u2728Altura da Caixaria \u2013 55mm<br \/>\n\u2728Peso: 300g<br \/>\n\u2728 Acompanha Caixa Simples<\/strong><\/p>\n<p><strong>Descri\u00e7\u00e3o rel\u00f3gio Feminino Invicta Zeus Bolt Skeleton<\/strong><\/p>\n<p>\u2728\u00a0<strong>Rel\u00f3gio Robusto de caixaria alta<\/strong><br \/>\n<strong>\u2728Pulseira Dourada em a\u00e7o inox<\/strong><br \/>\n<strong>\u2728Prova D\u2019\u00e1gua at\u00e9 5m (Mar e Piscina a vontade)<br \/>\n\u2728Altura da Caixaria \u2013 38mm<br \/>\n\u2728Peso: 120g<\/strong><\/p>\n<p><strong>\ud83d\ude9a FRETE GR\u00c1TIS PARA TODO O BRASIL<\/strong><\/p>\n<p>Agradecemos demais a confian\u00e7a. Deus Aben\u00e7oe.<\/p>\n","protected":false},"excerpt":{"rendered":"<p>\ud83d\udd25 KIT CASAL LUXO TOTAL Descri\u00e7\u00e3o rel\u00f3gio Invicta Thunderbolt \u2728\u00a0Rel\u00f3gio Robusto de caixaria alta \u2728Pulseira Dourada em a\u00e7o inox \u2728Prova D\u2019\u00e1gua at\u00e9 5m (Mar e Piscina a vontade) \u2728Altura da Caixaria \u2013 55mm \u2728Peso: 300g \u2728 Acompanha Caixa Simples Descri\u00e7\u00e3o rel\u00f3gio Feminino Invicta Zeus Bolt Skeleton \u2728\u00a0Rel\u00f3gio Robusto de caixaria alta \u2728Pulseira Dourada em a\u00e7o [&hellip;]<\/p>\n","protected":false},"featured_media":1002,"comment_status":"open","ping_status":"closed","template":"","meta":[],"product_brand":[],"product_cat":[43,40,15],"product_tag":[],"class_list":{"0":"post-1001","1":"product","2":"type-product","3":"status-publish","4":"has-post-thumbnail","6":"product_cat-feminino","7":"product_cat-novidades","8":"product_cat-ofertas","10":"first","11":"instock","12":"sale","13":"shipping-taxable","14":"purchasable","15":"product-type-simple"},"_links":{"self":[{"href":"https:\/\/design.projetoshr.com.br\/invctum\/wp-json\/wp\/v2\/product\/1001","targetHints":{"allow":["GET"]}}],"collection":[{"href":"https:\/\/design.projetoshr.com.br\/invctum\/wp-json\/wp\/v2\/product"}],"about":[{"href":"https:\/\/design.projetoshr.com.br\/invctum\/wp-json\/wp\/v2\/types\/product"}],"replies":[{"embeddable":true,"href":"https:\/\/design.projetoshr.com.br\/invctum\/wp-json\/wp\/v2\/comments?post=1001"}],"wp:featuredmedia":[{"embeddable":true,"href":"https:\/\/design.projetoshr.com.br\/invctum\/wp-json\/wp\/v2\/media\/1002"}],"wp:attachment":[{"href":"https:\/\/design.projetoshr.com.br\/invctum\/wp-json\/wp\/v2\/media?parent=1001"}],"wp:term":[{"taxonomy":"product_brand","embeddable":true,"href":"https:\/\/design.projetoshr.com.br\/invctum\/wp-json\/wp\/v2\/product_brand?post=1001"},{"taxonomy":"product_cat","embeddable":true,"href":"https:\/\/design.projetoshr.com.br\/invctum\/wp-json\/wp\/v2\/product_cat?post=1001"},{"taxonomy":"product_tag","embeddable":true,"href":"https:\/\/design.projetoshr.com.br\/invctum\/wp-json\/wp\/v2\/product_tag?post=1001"}],"curies":[{"name":"wp","href":"https:\/\/api.w.org\/{rel}","templated":true}]}}