{"id":562,"date":"2025-09-28T10:28:11","date_gmt":"2025-09-28T13:28:11","guid":{"rendered":"https:\/\/design.projetoshr.com.br\/alamire\/?page_id=562"},"modified":"2025-09-30T22:27:30","modified_gmt":"2025-10-01T01:27:30","slug":"contato","status":"publish","type":"page","link":"https:\/\/design.projetoshr.com.br\/alamire\/contato\/","title":{"rendered":"Contato"},"content":{"rendered":"\t\t<div data-elementor-type=\"wp-page\" data-elementor-id=\"562\" class=\"elementor elementor-562\" data-elementor-post-type=\"page\">\n\t\t\t\t<div class=\"elementor-element elementor-element-8bf1b30 e-flex e-con-boxed e-con e-parent\" data-id=\"8bf1b30\" data-element_type=\"container\" data-e-type=\"container\" data-settings=\"{&quot;background_background&quot;:&quot;classic&quot;}\">\n\t\t\t\t\t<div class=\"e-con-inner\">\n\t\t\t\t<div class=\"elementor-element elementor-element-4917f62 elementor-widget elementor-widget-heading\" data-id=\"4917f62\" data-element_type=\"widget\" data-e-type=\"widget\" data-widget_type=\"heading.default\">\n\t\t\t\t\t<h2 class=\"elementor-heading-title elementor-size-default\">Fale <span class=\"caixa-destaque\"><span class=\"texto-gradiente\">Conosco<\/span>\n<\/span> <\/h2>\t\t\t\t<\/div>\n\t\t\t\t<div class=\"elementor-element elementor-element-4a01e1a elementor-widget elementor-widget-text-editor\" data-id=\"4a01e1a\" data-element_type=\"widget\" data-e-type=\"widget\" data-widget_type=\"text-editor.default\">\n\t\t\t\t\t\t\t\t\t<p>Para falar conosco, preencha o formul\u00e1rio abaixo:\u00a0<\/p>\t\t\t\t\t\t\t\t<\/div>\n\t\t\t\t<div class=\"elementor-element elementor-element-f392f60 elementor-widget__width-initial elementor-widget-mobile__width-inherit elementor-button-align-stretch elementor-widget elementor-widget-form\" data-id=\"f392f60\" data-element_type=\"widget\" data-e-type=\"widget\" data-settings=\"{&quot;step_next_label&quot;:&quot;Next&quot;,&quot;step_previous_label&quot;:&quot;Previous&quot;,&quot;button_width&quot;:&quot;100&quot;,&quot;step_type&quot;:&quot;number_text&quot;,&quot;step_icon_shape&quot;:&quot;circle&quot;}\" data-widget_type=\"form.default\">\n\t\t\t\t\t\t\t<form class=\"elementor-form\" method=\"post\" name=\"Form Contato do Site\" aria-label=\"Form Contato do Site\">\n\t\t\t<input type=\"hidden\" name=\"post_id\" value=\"562\"\/>\n\t\t\t<input type=\"hidden\" name=\"form_id\" value=\"f392f60\"\/>\n\t\t\t<input type=\"hidden\" name=\"referer_title\" value=\"Contato\" \/>\n\n\t\t\t\t\t\t\t<input type=\"hidden\" name=\"queried_id\" value=\"562\"\/>\n\t\t\t\n\t\t\t<div class=\"elementor-form-fields-wrapper elementor-labels-above\">\n\t\t\t\t\t\t\t\t<div class=\"elementor-field-type-text elementor-field-group elementor-column elementor-field-group-name elementor-col-100 elementor-field-required elementor-mark-required\">\n\t\t\t\t\t\t\t\t\t\t\t\t\t<input size=\"1\" type=\"text\" name=\"form_fields[name]\" id=\"form-field-name\" class=\"elementor-field elementor-size-md  elementor-field-textual\" placeholder=\"Name\" required=\"required\">\n\t\t\t\t\t\t\t\t\t\t\t<\/div>\n\t\t\t\t\t\t\t\t<div class=\"elementor-field-type-email elementor-field-group elementor-column elementor-field-group-email elementor-col-100 elementor-field-required elementor-mark-required\">\n\t\t\t\t\t\t\t\t\t\t\t\t\t<input size=\"1\" type=\"email\" name=\"form_fields[email]\" id=\"form-field-email\" class=\"elementor-field elementor-size-md  elementor-field-textual\" placeholder=\"E-mail\" required=\"required\">\n\t\t\t\t\t\t\t\t\t\t\t<\/div>\n\t\t\t\t\t\t\t\t<div class=\"elementor-field-type-number elementor-field-group elementor-column elementor-field-group-field_2a6dc2b elementor-col-100 elementor-field-required elementor-mark-required\">\n\t\t\t\t\t\t\t\t<input type=\"number\" name=\"form_fields[field_2a6dc2b]\" id=\"form-field-field_2a6dc2b\" class=\"elementor-field elementor-size-md  elementor-field-textual\" placeholder=\"Telefone\" required=\"required\" min=\"\" max=\"\" >\n\t\t\t\t\t\t<\/div>\n\t\t\t\t\t\t\t\t<div class=\"elementor-field-type-textarea elementor-field-group elementor-column elementor-field-group-message elementor-col-100 elementor-field-required elementor-mark-required\">\n\t\t\t\t\t<textarea class=\"elementor-field-textual elementor-field  elementor-size-md\" name=\"form_fields[message]\" id=\"form-field-message\" rows=\"4\" placeholder=\"Mensagem\" required=\"required\"><\/textarea>\t\t\t\t<\/div>\n\t\t\t\t\t\t\t\t<div class=\"elementor-field-group elementor-column elementor-field-type-submit elementor-col-100 e-form__buttons\">\n\t\t\t\t\t<button class=\"elementor-button elementor-size-md\" type=\"submit\">\n\t\t\t\t\t\t<span class=\"elementor-button-content-wrapper\">\n\t\t\t\t\t\t\t\t\t\t\t\t\t\t\t\t\t\t\t\t\t\t<span class=\"elementor-button-text\">Enviar<\/span>\n\t\t\t\t\t\t\t\t\t\t\t\t\t<\/span>\n\t\t\t\t\t<\/button>\n\t\t\t\t<\/div>\n\t\t\t<\/div>\n\t\t<\/form>\n\t\t\t\t\t\t<\/div>\n\t\t\t\t<div class=\"elementor-element elementor-element-75cf825 elementor-widget elementor-widget-heading\" data-id=\"75cf825\" data-element_type=\"widget\" data-e-type=\"widget\" data-widget_type=\"heading.default\">\n\t\t\t\t\t<h2 class=\"elementor-heading-title elementor-size-default\">Envio de <span class=\"caixa-destaque\"><span class=\"texto-gradiente\">Originais<\/span>\n<\/span> <\/h2>\t\t\t\t<\/div>\n\t\t\t\t<div class=\"elementor-element elementor-element-ada2ede elementor-widget__width-inherit elementor-widget elementor-widget-text-editor\" data-id=\"ada2ede\" data-element_type=\"widget\" data-e-type=\"widget\" data-widget_type=\"text-editor.default\">\n\t\t\t\t\t\t\t\t\t<p><span style=\"font-weight: 400;\">A Alamir\u00e9 est\u00e1 sempre atenta a novas vozes e projetos que dialogam com nossa filosofia. Para parcerias, projetos especiais ou se voc\u00ea acredita que sua obra ressoa com nosso prop\u00f3sito, entre em contato conosco atrav\u00e9s do e-mail: <\/span><span style=\"color: #16263c;\"><b>contato@alamire.com.br<\/b><span style=\"font-weight: 400;\">.<\/span><\/span><\/p><p><span style=\"font-weight: 400;\">Para garantir que sua proposta seja analisada, por favor, siga as instru\u00e7\u00f5es abaixo.<\/span><\/p><p><span style=\"font-weight: 400;\">No corpo do e-mail, inclua as seguintes informa\u00e7\u00f5es:<\/span><\/p><ul><li style=\"font-weight: 400;\" aria-level=\"1\"><span style=\"color: #16263c;\"><b>T\u00edtulo da obra:<\/b><\/span><\/li><\/ul><ul><li style=\"font-weight: 400;\" aria-level=\"1\"><span style=\"color: #16263c;\"><b>Proposta editorial (m\u00e1ximo de 1 p\u00e1gina):<\/b><\/span><span style=\"font-weight: 400;\"> Apresente um resumo detalhado da obra (sinopse), seus principais argumentos ou diferenciais.<\/span><\/li><\/ul><ul><li style=\"font-weight: 400;\" aria-level=\"1\"><span style=\"color: #16263c;\"><b>P\u00fablico-alvo:<\/b><\/span><span style=\"font-weight: 400;\"> Para quem este livro \u00e9 escrito?<\/span><\/li><\/ul><ul><li style=\"font-weight: 400;\" aria-level=\"1\"><span style=\"color: #16263c;\"><b>Informa\u00e7\u00f5es sobre o autor e o projeto:<\/b><\/span><span style=\"font-weight: 400;\"> Biografia resumida e outros detalhes que julgue relevantes.<\/span><\/li><\/ul><ul><li style=\"font-weight: 400;\" aria-level=\"1\"><span style=\"color: #16263c;\"><b>Est\u00e1gio e tamanho da obra:<\/b><\/span><span style=\"font-weight: 400;\"><span style=\"font-weight: 400;\"><span style=\"font-weight: 400;\"> O original est\u00e1 finalizado? Qual o n\u00famero aproximado de p\u00e1ginas?<\/span><\/span><\/span><p>\u00a0<\/p><\/li><\/ul><p><b>\u00a0 \u00a0 \u00a0 <span style=\"color: #16263c;\">Instru\u00e7\u00f5es para o envio:<\/span><\/b><\/p><ul><li style=\"font-weight: 400;\" aria-level=\"1\"><span style=\"font-weight: 400;\">No campo &#8220;Assunto&#8221; do e-mail, por favor, utilize o padr\u00e3o: <\/span><span style=\"color: #16263c;\"><b>PROPOSTA EDITORIAL \u2013 [Nome do Autor] \u2013 [T\u00edtulo da Obra]<\/b><\/span><span style=\"font-weight: 400;\"><span style=\"font-weight: 400;\"><span style=\"font-weight: 400;\"><span style=\"color: #16263c;\">.<\/span><\/span><\/span><\/span><p>\u00a0<\/p><\/li><\/ul><p><span style=\"color: #16263c;\"><b>IMPORTANTE:<\/b><\/span><span style=\"font-weight: 400;\"> N\u00e3o anexe o original completo neste primeiro contato. Analisaremos as informa\u00e7\u00f5es da proposta e, caso haja interesse, solicitaremos o envio do material completo para leitura. Propostas com o original em anexo no primeiro e-mail n\u00e3o ser\u00e3o consideradas.<\/span><\/p>\t\t\t\t\t\t\t\t<\/div>\n\t\t\t\t\t<\/div>\n\t\t\t\t<\/div>\n\t\t\t\t<\/div>\n\t\t","protected":false},"excerpt":{"rendered":"<p>Fale Conosco Para falar conosco, preencha o formul\u00e1rio abaixo:\u00a0 Envio de Originais A Alamir\u00e9 est\u00e1 sempre atenta a novas vozes e projetos que dialogam com nossa filosofia. Para parcerias, projetos especiais ou se voc\u00ea acredita que sua obra ressoa com nosso prop\u00f3sito, entre em contato conosco atrav\u00e9s do e-mail: contato@alamire.com.br. Para garantir que sua proposta [&hellip;]<\/p>\n","protected":false},"author":1,"featured_media":0,"parent":0,"menu_order":0,"comment_status":"closed","ping_status":"closed","template":"elementor_header_footer","meta":{"footnotes":""},"class_list":["post-562","page","type-page","status-publish","hentry"],"_links":{"self":[{"href":"https:\/\/design.projetoshr.com.br\/alamire\/wp-json\/wp\/v2\/pages\/562","targetHints":{"allow":["GET"]}}],"collection":[{"href":"https:\/\/design.projetoshr.com.br\/alamire\/wp-json\/wp\/v2\/pages"}],"about":[{"href":"https:\/\/design.projetoshr.com.br\/alamire\/wp-json\/wp\/v2\/types\/page"}],"author":[{"embeddable":true,"href":"https:\/\/design.projetoshr.com.br\/alamire\/wp-json\/wp\/v2\/users\/1"}],"replies":[{"embeddable":true,"href":"https:\/\/design.projetoshr.com.br\/alamire\/wp-json\/wp\/v2\/comments?post=562"}],"version-history":[{"count":0,"href":"https:\/\/design.projetoshr.com.br\/alamire\/wp-json\/wp\/v2\/pages\/562\/revisions"}],"wp:attachment":[{"href":"https:\/\/design.projetoshr.com.br\/alamire\/wp-json\/wp\/v2\/media?parent=562"}],"curies":[{"name":"wp","href":"https:\/\/api.w.org\/{rel}","templated":true}]}}